{"id":3472,"date":"2021-06-24T13:00:20","date_gmt":"2021-06-24T17:00:20","guid":{"rendered":"http:\/\/pridhams.ca\/?page_id=3472"},"modified":"2025-12-22T11:22:07","modified_gmt":"2025-12-22T16:22:07","slug":"a-propos","status":"publish","type":"page","link":"https:\/\/pridhams.ca\/fr\/a-propos\/","title":{"rendered":"\u00c0 propos"},"content":{"rendered":"<p>[vc_row content_placement=\u00a0\u00bbmiddle\u00a0\u00bb row_content_width=\u00a0\u00bbgrid\u00a0\u00bb content_text_aligment=\u00a0\u00bbcenter\u00a0\u00bb css=\u00a0\u00bb.vc_custom_1569318479333{padding-top: 147px !important;padding-bottom: 52px !important;}\u00a0\u00bb][vc_column]<div class=\"eltdf-section-title-holder   eltdf-st-decorative-line\" >\n\t<div class=\"eltdf-st-inner\">\n                    <span class=\"eltdf-st-caption\" style=\"color: #c9ab81;margin: 0 0 6px 0\">\n                <span class=\"eltdf-st-caption-inner\" >\u00c0 Propos de Nous<\/span>\n            <\/span>\n        \t\t\t\t\t<h2 class=\"eltdf-st-title\" >\n    <span class=\"eltdf-st-title-inner\"><span class=\"eltdf-st-side-line-left\" ><\/span>Passion et savoir \u00e0 votre service<span class=\"eltdf-st-side-line-right\" ><\/span><\/span>\n\t\t\t<\/h2>\n\t\t\t\t\t\t\t<\/div>\n<\/div>[vc_column_text]<\/p>\n<h3>Notre Mission<\/h3>\n<p>Offrir une exp\u00e9rience client et cliente exceptionnelle gr\u00e2ce \u00e0 nos connaissances approfondies et \u00e0 l\u2019utilisation de plateformes de vente modernes; maintenir un niveau de confiance et degr\u00e9 de souci \u00e9lev\u00e9s \u00e0 la hauteur des normes sup\u00e9rieures qui distinguent Pridham\u2019s Auctions &amp; Appraisals.[\/vc_column_text][\/vc_column][\/vc_row][vc_row row_content_width=\u00a0\u00bbgrid\u00a0\u00bb css=\u00a0\u00bb.vc_custom_1624459959585{padding-bottom: 70px !important;}\u00a0\u00bb][vc_column width=\u00a0\u00bb1\/2&Prime;][vc_column_text]<\/p>\n<h3>Notre Historique<\/h3>\n<p>Robin Pridham a men\u00e9 une carri\u00e8re militaire tr\u00e8s r\u00e9ussie et s\u2019est \u00e9galement distingu\u00e9 dans le milieu des affaires. Il a remport\u00e9 plusieurs r\u00e9compenses professionnelles pour son sens aigu des affaires, sa pens\u00e9e strat\u00e9gique et ses r\u00e9sultats de ventes. Il travaille dans l\u2019industrie des beaux-arts et des antiquit\u00e9s depuis maintenant 30 ans. Il a r\u00e9guli\u00e8rement pris part aux salons d\u2019antiquit\u00e9s les plus importants entre Montr\u00e9al et Toronto, o\u00f9 il y a pr\u00e9sent\u00e9 et vendu des \u0153uvres d\u2019art et des objets d\u2019arts d\u00e9coratifs : Christie\u2019s, Centrepoint, Cabin Fever (Kingston), Ottawa Antique &amp; Vintage Market, Westmount Antique &amp; Vintage Show, ainsi que le Salon d\u2019antiquit\u00e9s du Vieux-Montr\u00e9al, au march\u00e9 Bonsecours.<\/p>\n<p>Depuis 30 ans, Robin ne cesse de cultiver et de partager sa passion, tout en entretenant des liens avec un vaste r\u00e9seau d\u2019enthousiastes, d\u2019acheteurs, de vendeurs et d\u2019experts tr\u00e8s respect\u00e9s, de m\u00eame qu\u2019avec les membres du grand public. C\u2019est en 2011 qu\u2019il a ouvert sa propre maison boutique de vente aux ench\u00e8res, Pridham\u2019s, maintenant reconnue et digne de la confiance des collectionneurs du Canada et du monde entier.<\/p>\n<p>En 2012, Robin a obtenu son dipl\u00f4me de la Reppert School of Auctioneering situ\u00e9e \u00e0 Indianapolis, en Indiana. Reppert est la meilleure, et plus ancienne, \u00e9cole de vente aux ench\u00e8res aux \u00c9tats-Unis. Robin est membre en r\u00e8gle de l\u2019Auctioneers Association of Ontario.[\/vc_column_text][\/vc_column][vc_column width=\u00a0\u00bb1\/2&Prime;][vc_single_image image=\u00a0\u00bb3440&Prime; img_size=\u00a0\u00bbfull\u00a0\u00bb alignment=\u00a0\u00bbcenter\u00a0\u00bb][\/vc_column][\/vc_row][vc_row row_content_width=\u00a0\u00bbgrid\u00a0\u00bb css=\u00a0\u00bb.vc_custom_1624460318748{padding-bottom: 70px !important;}\u00a0\u00bb][vc_column width=\u00a0\u00bb1\/2&Prime;][vc_single_image image=\u00a0\u00bb3407&Prime; img_size=\u00a0\u00bbfull\u00a0\u00bb alignment=\u00a0\u00bbcenter\u00a0\u00bb][\/vc_column][vc_column width=\u00a0\u00bb1\/2&Prime;][vc_column_text]<\/p>\n<h3>Distinctions<\/h3>\n<p>En plus des nombreuses ventes aux ench\u00e8res internationales de premi\u00e8re qualit\u00e9, Pridham\u2019s offre d\u2019excellents services d\u2019ench\u00e8res cl\u00e9s en main sur place. En 2016, Pridham\u2019s a vendu tout le contenu du manoir Tredilion Park, demeure de 16 000 pi2 situ\u00e9e \u00e0 Sutton, au Qu\u00e9bec. En ao\u00fbt 2015, Pridham\u2019s a proc\u00e9d\u00e9 \u00e0 la plus importante vente aux ench\u00e8res r\u00e9alis\u00e9e sur place au Qu\u00e9bec au cours des 40 derni\u00e8res ann\u00e9es : la succession de Mme Henrietta Antony, de Westmount et de Sutton (vignoble Chapelle Sainte-Agn\u00e8s, au Qu\u00e9bec). Pridham\u2019s a aussi vendu, en 2014, la succession \u00e0 caract\u00e8re historique de l\u2019honorable Louis-Joseph Forget, \u00e0 Elgin, au Qu\u00e9bec. Enfin, en 2013, Pridham\u2019s s\u2019est \u00e9galement charg\u00e9e de la vente de succession de Thomas Bassett Macaulay, pr\u00e9sident de la Sun Life de 1889 \u00e0 1909, et fondateur de la ferme Mount Victoria \u00e0 Hudson, au Qu\u00e9bec.[\/vc_column_text][\/vc_column][\/vc_row][vc_row row_content_width=\u00a0\u00bbgrid\u00a0\u00bb simple_background_color=\u00a0\u00bb#f8f8f8&Prime; css=\u00a0\u00bb.vc_custom_1624460129034{padding-top: 70px !important;padding-bottom: 70px !important;}\u00a0\u00bb][vc_column width=\u00a0\u00bb5\/12&Prime;][vc_column_text]<\/p>\n<h3>Membre inscrit<\/h3>\n<p><strong>Robin Pridham est membre de la AAO (Auctioneers Association of Ontario), la Soci\u00e9t\u00e9 canadienne pour les Arts D\u00e9coratifs, et du regroupement canadien des \u00e9valuateurs professionels (CPA).<\/strong>[\/vc_column_text][\/vc_column][vc_column width=\u00a0\u00bb7\/12&Prime;][vc_row_inner][vc_column_inner width=\u00a0\u00bb1\/4&Prime;][vc_single_image image=\u00a0\u00bb3442&Prime; img_size=\u00a0\u00bbfull\u00a0\u00bb alignment=\u00a0\u00bbcenter\u00a0\u00bb][\/vc_column_inner][vc_column_inner width=\u00a0\u00bb1\/4&Prime;][vc_single_image image=\u00a0\u00bb4186&Prime; img_size=\u00a0\u00bbfull\u00a0\u00bb alignment=\u00a0\u00bbcenter\u00a0\u00bb][\/vc_column_inner][\/vc_row_inner][\/vc_column][\/vc_row][vc_row content_placement=\u00a0\u00bbbottom\u00a0\u00bb row_content_width=\u00a0\u00bbgrid\u00a0\u00bb content_text_aligment=\u00a0\u00bbleft\u00a0\u00bb css=\u00a0\u00bb.vc_custom_1624460330123{padding-top: 70px !important;padding-bottom: 108px !important;}\u00a0\u00bb][vc_column]<div class=\"eltdf-elements-holder   eltdf-two-columns  eltdf-responsive-mode-1024 eltdf-one-column-alignment-left\" ><div class=\"eltdf-eh-item  eltdf-vertical-alignment-bottom  \"  data-item-class=\"eltdf-eh-custom-6399\" data-1400-1600=\"0 0 0 0\" data-1025-1399=\"0 0 0 0\" data-769-1024=\"0 0 37px 0\" data-681-768=\"0 0 37px 0\" data-680=\"0 0 37px 0\">\n\t<div class=\"eltdf-eh-item-inner\">\n\t\t<div class=\"eltdf-eh-item-content eltdf-eh-custom-6399\" style=\"padding: 0 0 0 0\">\n\t\t\t<div class=\"eltdf-section-title-holder   \" >\n\t<div class=\"eltdf-st-inner\">\n                    <span class=\"eltdf-st-caption\" style=\"color: #c9ab81;margin: 0 0 5px 0\">\n                <span class=\"eltdf-st-caption-inner\" >Abonnez-vous<\/span>\n            <\/span>\n        \t\t\t\t\t<h2 class=\"eltdf-st-title\" style=\"color: #4e4e4e\">\n    <span class=\"eltdf-st-title-inner\"><span class=\"eltdf-st-side-line-left\" ><\/span>\u00e0 notre infolettre<span class=\"eltdf-st-side-line-right\" ><\/span><\/span>\n\t\t\t<\/h2>\n\t\t\t\t\t\t\t<\/div>\n<\/div>\t\t<\/div>\n\t<\/div>\n<\/div><div class=\"eltdf-eh-item  eltdf-vertical-alignment-bottom  \"  data-item-class=\"eltdf-eh-custom-3599\" data-1400-1600=\"0 0 9px 0\" data-1025-1399=\"0 0 9px 0\">\n\t<div class=\"eltdf-eh-item-inner\">\n\t\t<div class=\"eltdf-eh-item-content eltdf-eh-custom-3599\" style=\"padding: 0 0 9px 0\">\n\t\t\t\n<div class=\"wpcf7 no-js\" id=\"wpcf7-f576-o1\" lang=\"en-US\" dir=\"ltr\" data-wpcf7-id=\"576\">\n<div class=\"screen-reader-response\"><p role=\"status\" aria-live=\"polite\" aria-atomic=\"true\"><\/p> <ul><\/ul><\/div>\n<form action=\"\/fr\/wp-json\/wp\/v2\/pages\/3472#wpcf7-f576-o1\" method=\"post\" class=\"wpcf7-form init\" aria-label=\"Contact form\" novalidate=\"novalidate\" data-status=\"init\">\n<fieldset class=\"hidden-fields-container\"><input type=\"hidden\" name=\"_wpcf7\" value=\"576\" \/><input type=\"hidden\" name=\"_wpcf7_version\" value=\"6.1.5\" \/><input type=\"hidden\" name=\"_wpcf7_locale\" value=\"en_US\" \/><input type=\"hidden\" name=\"_wpcf7_unit_tag\" value=\"wpcf7-f576-o1\" \/><input type=\"hidden\" name=\"_wpcf7_container_post\" value=\"0\" \/><input type=\"hidden\" name=\"_wpcf7_posted_data_hash\" value=\"\" \/><input type=\"hidden\" name=\"_wpcf7_recaptcha_response\" value=\"\" \/>\n<\/fieldset>\n<div class=\"eltdf-row-half\">\n\t<p><label><span class=\"wpcf7-form-control-wrap\" data-name=\"your-fname\"><input size=\"40\" maxlength=\"400\" class=\"wpcf7-form-control wpcf7-text wpcf7-validates-as-required\" aria-required=\"true\" aria-invalid=\"false\" placeholder=\"First Name\" value=\"\" type=\"text\" name=\"your-fname\" \/><\/span> <\/label>\n\t<\/p>\n<\/div>\n<div class=\"eltdf-row-half vright\">\n\t<p><label><span class=\"wpcf7-form-control-wrap\" data-name=\"your-lname\"><input size=\"40\" maxlength=\"400\" class=\"wpcf7-form-control wpcf7-text wpcf7-validates-as-required\" aria-required=\"true\" aria-invalid=\"false\" placeholder=\"Last Name\" value=\"\" type=\"text\" name=\"your-lname\" \/><\/span> <\/label>\n\t<\/p>\n<\/div>\n<p><label><span class=\"wpcf7-form-control-wrap\" data-name=\"your-email\"><input size=\"40\" maxlength=\"400\" class=\"wpcf7-form-control wpcf7-email wpcf7-validates-as-required wpcf7-text wpcf7-validates-as-email\" aria-required=\"true\" aria-invalid=\"false\" placeholder=\"Your Mail\" value=\"\" type=\"email\" name=\"your-email\" \/><\/span> <\/label>\n<\/p>\n<p><button class=\"wpcf7-form-control wpcf7-submit eltdf-btn-outline-slit eltdf-btn eltdf-btn-medium eltdf-btn-outline\" type=\"submit\"><span class=\"eltdf-btn-text\">Subscribe<\/span><\/button>\n<\/p>\n\n<div class=\"wpcf7-response-output\" aria-hidden=\"true\"><\/div>\n<\/form>\n<\/div>\n\t\t<\/div>\n\t<\/div>\n<\/div><\/div>[\/vc_column][\/vc_row]<\/p>\n","protected":false},"excerpt":{"rendered":"<p>[vc_row content_placement=\u00a0\u00bbmiddle\u00a0\u00bb row_content_width=\u00a0\u00bbgrid\u00a0\u00bb content_text_aligment=\u00a0\u00bbcenter\u00a0\u00bb css=\u00a0\u00bb.vc_custom_1569318479333{padding-top: 147px !important;padding-bottom: 52px !important;}\u00a0\u00bb][vc_column][vc_column_text] Notre Mission Offrir une exp\u00e9rience client et cliente exceptionnelle gr\u00e2ce \u00e0 nos connaissances approfondies et \u00e0 l\u2019utilisation de plateformes de vente modernes; maintenir un niveau de confiance et degr\u00e9 de souci [&hellip;]<\/p>\n","protected":false},"author":1,"featured_media":0,"parent":0,"menu_order":0,"comment_status":"closed","ping_status":"closed","template":"full-width.php","meta":{"om_disable_all_campaigns":false,"_monsterinsights_skip_tracking":false,"_monsterinsights_sitenote_active":false,"_monsterinsights_sitenote_note":"","_monsterinsights_sitenote_category":0,"_uf_show_specific_survey":0,"_uf_disable_surveys":false,"footnotes":""},"class_list":["post-3472","page","type-page","status-publish","hentry"],"yoast_head":"<!-- This site is optimized with the Yoast SEO Premium plugin v27.2 (Yoast SEO v27.2) - https:\/\/yoast.com\/product\/yoast-seo-premium-wordpress\/ -->\n<title>\u00c0 propos - Pridham\u2019s Auction House<\/title>\n<meta name=\"robots\" content=\"index, follow, max-snippet:-1, max-image-preview:large, max-video-preview:-1\" \/>\n<link rel=\"canonical\" href=\"https:\/\/pridhams.ca\/fr\/a-propos\/\" \/>\n<meta property=\"og:locale\" content=\"fr_FR\" \/>\n<meta property=\"og:type\" content=\"article\" \/>\n<meta property=\"og:title\" content=\"\u00c0 propos\" \/>\n<meta property=\"og:description\" content=\"[vc_row content_placement=\u00a0\u00bbmiddle\u00a0\u00bb row_content_width=\u00a0\u00bbgrid\u00a0\u00bb content_text_aligment=\u00a0\u00bbcenter\u00a0\u00bb css=\u00a0\u00bb.vc_custom_1569318479333{padding-top: 147px !important;padding-bottom: 52px !important;}\u00a0\u00bb][vc_column][vc_column_text] Notre Mission Offrir une exp\u00e9rience client et cliente exceptionnelle gr\u00e2ce \u00e0 nos connaissances approfondies et \u00e0 l\u2019utilisation de plateformes de vente modernes; maintenir un niveau de confiance et degr\u00e9 de souci [&hellip;]\" \/>\n<meta property=\"og:url\" content=\"https:\/\/pridhams.ca\/fr\/a-propos\/\" \/>\n<meta property=\"og:site_name\" content=\"Pridham\u2019s Auction House\" \/>\n<meta property=\"article:publisher\" content=\"https:\/\/www.facebook.com\/PridhamsAuctionHouse\/\" \/>\n<meta property=\"article:modified_time\" content=\"2025-12-22T16:22:07+00:00\" \/>\n<meta name=\"twitter:card\" content=\"summary_large_image\" \/>\n<meta name=\"twitter:label1\" content=\"Dur\u00e9e de lecture estim\u00e9e\" \/>\n\t<meta name=\"twitter:data1\" content=\"4 minutes\" \/>\n<script type=\"application\/ld+json\" class=\"yoast-schema-graph\">{\"@context\":\"https:\/\/schema.org\",\"@graph\":[{\"@type\":\"WebPage\",\"@id\":\"https:\/\/pridhams.ca\/fr\/a-propos\/\",\"url\":\"https:\/\/pridhams.ca\/fr\/a-propos\/\",\"name\":\"\u00c0 propos - Pridham\u2019s Auction House\",\"isPartOf\":{\"@id\":\"https:\/\/pridhams.ca\/fr\/#website\"},\"datePublished\":\"2021-06-24T17:00:20+00:00\",\"dateModified\":\"2025-12-22T16:22:07+00:00\",\"breadcrumb\":{\"@id\":\"https:\/\/pridhams.ca\/fr\/a-propos\/#breadcrumb\"},\"inLanguage\":\"fr-FR\",\"potentialAction\":[{\"@type\":\"ReadAction\",\"target\":[\"https:\/\/pridhams.ca\/fr\/a-propos\/\"]}]},{\"@type\":\"BreadcrumbList\",\"@id\":\"https:\/\/pridhams.ca\/fr\/a-propos\/#breadcrumb\",\"itemListElement\":[{\"@type\":\"ListItem\",\"position\":1,\"name\":\"Home\",\"item\":\"https:\/\/pridhams.ca\/fr\/\"},{\"@type\":\"ListItem\",\"position\":2,\"name\":\"\u00c0 propos\"}]},{\"@type\":\"WebSite\",\"@id\":\"https:\/\/pridhams.ca\/fr\/#website\",\"url\":\"https:\/\/pridhams.ca\/fr\/\",\"name\":\"Pridham\u2019s Auction House\",\"description\":\"\",\"publisher\":{\"@id\":\"https:\/\/pridhams.ca\/fr\/#organization\"},\"potentialAction\":[{\"@type\":\"SearchAction\",\"target\":{\"@type\":\"EntryPoint\",\"urlTemplate\":\"https:\/\/pridhams.ca\/fr\/?s={search_term_string}\"},\"query-input\":{\"@type\":\"PropertyValueSpecification\",\"valueRequired\":true,\"valueName\":\"search_term_string\"}}],\"inLanguage\":\"fr-FR\"},{\"@type\":\"Organization\",\"@id\":\"https:\/\/pridhams.ca\/fr\/#organization\",\"name\":\"Pridham's Auctions & Appraisals\",\"url\":\"https:\/\/pridhams.ca\/fr\/\",\"logo\":{\"@type\":\"ImageObject\",\"inLanguage\":\"fr-FR\",\"@id\":\"https:\/\/pridhams.ca\/fr\/#\/schema\/logo\/image\/\",\"url\":\"http:\/\/pridhams.ca\/wp-content\/uploads\/logo-menu.png\",\"contentUrl\":\"http:\/\/pridhams.ca\/wp-content\/uploads\/logo-menu.png\",\"width\":292,\"height\":63,\"caption\":\"Pridham's Auctions & Appraisals\"},\"image\":{\"@id\":\"https:\/\/pridhams.ca\/fr\/#\/schema\/logo\/image\/\"},\"sameAs\":[\"https:\/\/www.facebook.com\/PridhamsAuctionHouse\/\",\"https:\/\/www.instagram.com\/pridhams_auction_house\/\"]}]}<\/script>\n<!-- \/ Yoast SEO Premium plugin. -->","yoast_head_json":{"title":"\u00c0 propos - Pridham\u2019s Auction House","robots":{"index":"index","follow":"follow","max-snippet":"max-snippet:-1","max-image-preview":"max-image-preview:large","max-video-preview":"max-video-preview:-1"},"canonical":"https:\/\/pridhams.ca\/fr\/a-propos\/","og_locale":"fr_FR","og_type":"article","og_title":"\u00c0 propos","og_description":"[vc_row content_placement=\u00a0\u00bbmiddle\u00a0\u00bb row_content_width=\u00a0\u00bbgrid\u00a0\u00bb content_text_aligment=\u00a0\u00bbcenter\u00a0\u00bb css=\u00a0\u00bb.vc_custom_1569318479333{padding-top: 147px !important;padding-bottom: 52px !important;}\u00a0\u00bb][vc_column][vc_column_text] Notre Mission Offrir une exp\u00e9rience client et cliente exceptionnelle gr\u00e2ce \u00e0 nos connaissances approfondies et \u00e0 l\u2019utilisation de plateformes de vente modernes; maintenir un niveau de confiance et degr\u00e9 de souci [&hellip;]","og_url":"https:\/\/pridhams.ca\/fr\/a-propos\/","og_site_name":"Pridham\u2019s Auction House","article_publisher":"https:\/\/www.facebook.com\/PridhamsAuctionHouse\/","article_modified_time":"2025-12-22T16:22:07+00:00","twitter_card":"summary_large_image","twitter_misc":{"Dur\u00e9e de lecture estim\u00e9e":"4 minutes"},"schema":{"@context":"https:\/\/schema.org","@graph":[{"@type":"WebPage","@id":"https:\/\/pridhams.ca\/fr\/a-propos\/","url":"https:\/\/pridhams.ca\/fr\/a-propos\/","name":"\u00c0 propos - Pridham\u2019s Auction House","isPartOf":{"@id":"https:\/\/pridhams.ca\/fr\/#website"},"datePublished":"2021-06-24T17:00:20+00:00","dateModified":"2025-12-22T16:22:07+00:00","breadcrumb":{"@id":"https:\/\/pridhams.ca\/fr\/a-propos\/#breadcrumb"},"inLanguage":"fr-FR","potentialAction":[{"@type":"ReadAction","target":["https:\/\/pridhams.ca\/fr\/a-propos\/"]}]},{"@type":"BreadcrumbList","@id":"https:\/\/pridhams.ca\/fr\/a-propos\/#breadcrumb","itemListElement":[{"@type":"ListItem","position":1,"name":"Home","item":"https:\/\/pridhams.ca\/fr\/"},{"@type":"ListItem","position":2,"name":"\u00c0 propos"}]},{"@type":"WebSite","@id":"https:\/\/pridhams.ca\/fr\/#website","url":"https:\/\/pridhams.ca\/fr\/","name":"Pridham\u2019s Auction House","description":"","publisher":{"@id":"https:\/\/pridhams.ca\/fr\/#organization"},"potentialAction":[{"@type":"SearchAction","target":{"@type":"EntryPoint","urlTemplate":"https:\/\/pridhams.ca\/fr\/?s={search_term_string}"},"query-input":{"@type":"PropertyValueSpecification","valueRequired":true,"valueName":"search_term_string"}}],"inLanguage":"fr-FR"},{"@type":"Organization","@id":"https:\/\/pridhams.ca\/fr\/#organization","name":"Pridham's Auctions & Appraisals","url":"https:\/\/pridhams.ca\/fr\/","logo":{"@type":"ImageObject","inLanguage":"fr-FR","@id":"https:\/\/pridhams.ca\/fr\/#\/schema\/logo\/image\/","url":"http:\/\/pridhams.ca\/wp-content\/uploads\/logo-menu.png","contentUrl":"http:\/\/pridhams.ca\/wp-content\/uploads\/logo-menu.png","width":292,"height":63,"caption":"Pridham's Auctions & Appraisals"},"image":{"@id":"https:\/\/pridhams.ca\/fr\/#\/schema\/logo\/image\/"},"sameAs":["https:\/\/www.facebook.com\/PridhamsAuctionHouse\/","https:\/\/www.instagram.com\/pridhams_auction_house\/"]}]}},"_links":{"self":[{"href":"https:\/\/pridhams.ca\/fr\/wp-json\/wp\/v2\/pages\/3472","targetHints":{"allow":["GET"]}}],"collection":[{"href":"https:\/\/pridhams.ca\/fr\/wp-json\/wp\/v2\/pages"}],"about":[{"href":"https:\/\/pridhams.ca\/fr\/wp-json\/wp\/v2\/types\/page"}],"author":[{"embeddable":true,"href":"https:\/\/pridhams.ca\/fr\/wp-json\/wp\/v2\/users\/1"}],"replies":[{"embeddable":true,"href":"https:\/\/pridhams.ca\/fr\/wp-json\/wp\/v2\/comments?post=3472"}],"version-history":[{"count":9,"href":"https:\/\/pridhams.ca\/fr\/wp-json\/wp\/v2\/pages\/3472\/revisions"}],"predecessor-version":[{"id":34149,"href":"https:\/\/pridhams.ca\/fr\/wp-json\/wp\/v2\/pages\/3472\/revisions\/34149"}],"wp:attachment":[{"href":"https:\/\/pridhams.ca\/fr\/wp-json\/wp\/v2\/media?parent=3472"}],"curies":[{"name":"wp","href":"https:\/\/api.w.org\/{rel}","templated":true}]}}