{"id":3477,"date":"2021-06-24T14:38:05","date_gmt":"2021-06-24T18:38:05","guid":{"rendered":"http:\/\/pridhams.ca\/?page_id=3477"},"modified":"2025-12-22T11:26:16","modified_gmt":"2025-12-22T16:26:16","slug":"team","status":"publish","type":"page","link":"https:\/\/pridhams.ca\/fr\/team\/","title":{"rendered":"\u00c9quipe"},"content":{"rendered":"<p>[vc_row content_placement=\u00a0\u00bbmiddle\u00a0\u00bb row_content_width=\u00a0\u00bbgrid\u00a0\u00bb content_text_aligment=\u00a0\u00bbcenter\u00a0\u00bb css=\u00a0\u00bb.vc_custom_1569318479333{padding-top: 147px !important;padding-bottom: 52px !important;}\u00a0\u00bb][vc_column]<div class=\"eltdf-section-title-holder   eltdf-st-decorative-line\" >\n\t<div class=\"eltdf-st-inner\">\n                    <span class=\"eltdf-st-caption\" style=\"color: #c9ab81;margin: 0 0 6px 0\">\n                <span class=\"eltdf-st-caption-inner\" >Les commissaires-priseurs<\/span>\n            <\/span>\n        \t\t\t\t\t<h2 class=\"eltdf-st-title\" >\n    <span class=\"eltdf-st-title-inner\"><span class=\"eltdf-st-side-line-left\" ><\/span>experts de Pridham's<span class=\"eltdf-st-side-line-right\" ><\/span><\/span>\n\t\t\t<\/h2>\n\t\t\t\t\t\t\t<\/div>\n<\/div>[\/vc_column][\/vc_row][vc_row row_content_width=\u00a0\u00bbgrid\u00a0\u00bb css=\u00a0\u00bb.vc_custom_1624459959585{padding-bottom: 70px !important;}\u00a0\u00bb][vc_column width=\u00a0\u00bb1\/2&Prime;][vc_column_text]<\/p>\n<h3>L\u2019ex\u00e9cutif Pridham\u2019s<\/h3>\n<p>Robin, fondateur de Pridham\u2019s, cumule 35 ans d\u2019exp\u00e9rience dans l\u2019achat et la vente d\u2019art et d\u2019antiquit\u00e9s. Il a \u00e9tudi\u00e9 \u00e0 la Reppert Auctioneering School (Indianapolis, Indiana). Il est membre de la National Auctioneers Association et de la Auctioneers Association of Ontario. Il a \u00e9t\u00e9 propri\u00e9taire de deux magasins d\u2019antiquit\u00e9s et a fait de nombreux passages \u00e0 la t\u00e9l\u00e9vision, notamment \u00e0 Daytime de Rogers TV et Canadian Pickers, ainsi qu\u2019\u00e0 titre d\u2019expert \u00e0 l\u2019\u00e9mission Baggage Battles. Robin s\u2019est aussi d\u00e9vou\u00e9 \u00e0 titre d\u2019encanteur b\u00e9n\u00e9vole et a recueilli des dizaines de milliers de dollars pour des causes importantes comme celles du Nichoir, de la SPCA de Montr\u00e9al, des Paniers de No\u00ebl des pompiers et de Royal Lepage, de la coop\u00e9rative Families Matter et du centre culturel Arbor Gallery.[\/vc_column_text][\/vc_column][vc_column width=\u00a0\u00bb1\/2&Prime;][vc_single_image image=\u00a0\u00bb3441&Prime; img_size=\u00a0\u00bbfull\u00a0\u00bb alignment=\u00a0\u00bbcenter\u00a0\u00bb][\/vc_column][\/vc_row][vc_row row_content_width=\u00a0\u00bbgrid\u00a0\u00bb simple_background_color=\u00a0\u00bb#f8f8f8&Prime; css=\u00a0\u00bb.vc_custom_1624460129034{padding-top: 70px !important;padding-bottom: 70px !important;}\u00a0\u00bb][vc_column width=\u00a0\u00bb5\/12&Prime;][vc_column_text]<\/p>\n<h3>Membre inscrit<\/h3>\n<p>Robin Pridham est membre de l&rsquo;Auctioneers Association of Ontario.[\/vc_column_text][\/vc_column][vc_column width=\u00a0\u00bb7\/12&Prime;][vc_row_inner][vc_column_inner width=\u00a0\u00bb1\/4&Prime;][vc_single_image image=\u00a0\u00bb3442&Prime; img_size=\u00a0\u00bbfull\u00a0\u00bb alignment=\u00a0\u00bbcenter\u00a0\u00bb][\/vc_column_inner][vc_column_inner width=\u00a0\u00bb1\/4&Prime;][vc_single_image image=\u00a0\u00bb4186&Prime; img_size=\u00a0\u00bbfull\u00a0\u00bb alignment=\u00a0\u00bbcenter\u00a0\u00bb][\/vc_column_inner][vc_column_inner width=\u00a0\u00bb1\/4&Prime;][vc_single_image image=\u00a0\u00bb4188&Prime; img_size=\u00a0\u00bbfull\u00a0\u00bb alignment=\u00a0\u00bbcenter\u00a0\u00bb][\/vc_column_inner][\/vc_row_inner][\/vc_column][\/vc_row][vc_row content_placement=\u00a0\u00bbbottom\u00a0\u00bb row_content_width=\u00a0\u00bbgrid\u00a0\u00bb content_text_aligment=\u00a0\u00bbleft\u00a0\u00bb css=\u00a0\u00bb.vc_custom_1624460330123{padding-top: 70px !important;padding-bottom: 108px !important;}\u00a0\u00bb][vc_column]<div class=\"eltdf-elements-holder   eltdf-two-columns  eltdf-responsive-mode-1024 eltdf-one-column-alignment-left\" ><div class=\"eltdf-eh-item  eltdf-vertical-alignment-bottom  \"  data-item-class=\"eltdf-eh-custom-4903\" data-1400-1600=\"0 0 0 0\" data-1025-1399=\"0 0 0 0\" data-769-1024=\"0 0 37px 0\" data-681-768=\"0 0 37px 0\" data-680=\"0 0 37px 0\">\n\t<div class=\"eltdf-eh-item-inner\">\n\t\t<div class=\"eltdf-eh-item-content eltdf-eh-custom-4903\" style=\"padding: 0 0 0 0\">\n\t\t\t<div class=\"eltdf-section-title-holder   \" >\n\t<div class=\"eltdf-st-inner\">\n                    <span class=\"eltdf-st-caption\" style=\"color: #c9ab81;margin: 0 0 5px 0\">\n                <span class=\"eltdf-st-caption-inner\" >Abonnez-vous<\/span>\n            <\/span>\n        \t\t\t\t\t<h2 class=\"eltdf-st-title\" style=\"color: #4e4e4e\">\n    <span class=\"eltdf-st-title-inner\"><span class=\"eltdf-st-side-line-left\" ><\/span>\u00c0 notre infolettre<span class=\"eltdf-st-side-line-right\" ><\/span><\/span>\n\t\t\t<\/h2>\n\t\t\t\t\t\t\t<\/div>\n<\/div>\t\t<\/div>\n\t<\/div>\n<\/div><div class=\"eltdf-eh-item  eltdf-vertical-alignment-bottom  \"  data-item-class=\"eltdf-eh-custom-9718\" data-1400-1600=\"0 0 9px 0\" data-1025-1399=\"0 0 9px 0\">\n\t<div class=\"eltdf-eh-item-inner\">\n\t\t<div class=\"eltdf-eh-item-content eltdf-eh-custom-9718\" style=\"padding: 0 0 9px 0\">\n\t\t\t\n<div class=\"wpcf7 no-js\" id=\"wpcf7-f576-o1\" lang=\"en-US\" dir=\"ltr\" data-wpcf7-id=\"576\">\n<div class=\"screen-reader-response\"><p role=\"status\" aria-live=\"polite\" aria-atomic=\"true\"><\/p> <ul><\/ul><\/div>\n<form action=\"\/fr\/wp-json\/wp\/v2\/pages\/3477#wpcf7-f576-o1\" method=\"post\" class=\"wpcf7-form init\" aria-label=\"Contact form\" novalidate=\"novalidate\" data-status=\"init\">\n<fieldset class=\"hidden-fields-container\"><input type=\"hidden\" name=\"_wpcf7\" value=\"576\" \/><input type=\"hidden\" name=\"_wpcf7_version\" value=\"6.1.5\" \/><input type=\"hidden\" name=\"_wpcf7_locale\" value=\"en_US\" \/><input type=\"hidden\" name=\"_wpcf7_unit_tag\" value=\"wpcf7-f576-o1\" \/><input type=\"hidden\" name=\"_wpcf7_container_post\" value=\"0\" \/><input type=\"hidden\" name=\"_wpcf7_posted_data_hash\" value=\"\" \/><input type=\"hidden\" name=\"_wpcf7_recaptcha_response\" value=\"\" \/>\n<\/fieldset>\n<div class=\"eltdf-row-half\">\n\t<p><label><span class=\"wpcf7-form-control-wrap\" data-name=\"your-fname\"><input size=\"40\" maxlength=\"400\" class=\"wpcf7-form-control wpcf7-text wpcf7-validates-as-required\" aria-required=\"true\" aria-invalid=\"false\" placeholder=\"First Name\" value=\"\" type=\"text\" name=\"your-fname\" \/><\/span> <\/label>\n\t<\/p>\n<\/div>\n<div class=\"eltdf-row-half vright\">\n\t<p><label><span class=\"wpcf7-form-control-wrap\" data-name=\"your-lname\"><input size=\"40\" maxlength=\"400\" class=\"wpcf7-form-control wpcf7-text wpcf7-validates-as-required\" aria-required=\"true\" aria-invalid=\"false\" placeholder=\"Last Name\" value=\"\" type=\"text\" name=\"your-lname\" \/><\/span> <\/label>\n\t<\/p>\n<\/div>\n<p><label><span class=\"wpcf7-form-control-wrap\" data-name=\"your-email\"><input size=\"40\" maxlength=\"400\" class=\"wpcf7-form-control wpcf7-email wpcf7-validates-as-required wpcf7-text wpcf7-validates-as-email\" aria-required=\"true\" aria-invalid=\"false\" placeholder=\"Your Mail\" value=\"\" type=\"email\" name=\"your-email\" \/><\/span> <\/label>\n<\/p>\n<p><button class=\"wpcf7-form-control wpcf7-submit eltdf-btn-outline-slit eltdf-btn eltdf-btn-medium eltdf-btn-outline\" type=\"submit\"><span class=\"eltdf-btn-text\">Subscribe<\/span><\/button>\n<\/p>\n\n<div class=\"wpcf7-response-output\" aria-hidden=\"true\"><\/div>\n<\/form>\n<\/div>\n\t\t<\/div>\n\t<\/div>\n<\/div><\/div>[\/vc_column][\/vc_row]<\/p>\n","protected":false},"excerpt":{"rendered":"<p>[vc_row content_placement=\u00a0\u00bbmiddle\u00a0\u00bb row_content_width=\u00a0\u00bbgrid\u00a0\u00bb content_text_aligment=\u00a0\u00bbcenter\u00a0\u00bb css=\u00a0\u00bb.vc_custom_1569318479333{padding-top: 147px !important;padding-bottom: 52px !important;}\u00a0\u00bb][vc_column][\/vc_column][\/vc_row][vc_row row_content_width=\u00a0\u00bbgrid\u00a0\u00bb css=\u00a0\u00bb.vc_custom_1624459959585{padding-bottom: 70px !important;}\u00a0\u00bb][vc_column width=\u00a0\u00bb1\/2&Prime;][vc_column_text] L\u2019ex\u00e9cutif Pridham\u2019s Robin, fondateur de Pridham\u2019s, cumule 35 ans d\u2019exp\u00e9rience dans l\u2019achat et la vente d\u2019art et d\u2019antiquit\u00e9s. Il a \u00e9tudi\u00e9 \u00e0 la Reppert Auctioneering School [&hellip;]<\/p>\n","protected":false},"author":1,"featured_media":0,"parent":0,"menu_order":0,"comment_status":"closed","ping_status":"closed","template":"full-width.php","meta":{"om_disable_all_campaigns":false,"_monsterinsights_skip_tracking":false,"_monsterinsights_sitenote_active":false,"_monsterinsights_sitenote_note":"","_monsterinsights_sitenote_category":0,"_uf_show_specific_survey":0,"_uf_disable_surveys":false,"footnotes":""},"class_list":["post-3477","page","type-page","status-publish","hentry"],"yoast_head":"<!-- This site is optimized with the Yoast SEO Premium plugin v27.3 (Yoast SEO v27.3) - https:\/\/yoast.com\/product\/yoast-seo-premium-wordpress\/ -->\n<title>\u00c9quipe - Pridham\u2019s Auction House<\/title>\n<meta name=\"robots\" content=\"index, follow, max-snippet:-1, max-image-preview:large, max-video-preview:-1\" \/>\n<link rel=\"canonical\" href=\"https:\/\/pridhams.ca\/fr\/team\/\" \/>\n<meta property=\"og:locale\" content=\"fr_FR\" \/>\n<meta property=\"og:type\" content=\"article\" \/>\n<meta property=\"og:title\" content=\"\u00c9quipe\" \/>\n<meta property=\"og:description\" content=\"[vc_row content_placement=\u00a0\u00bbmiddle\u00a0\u00bb row_content_width=\u00a0\u00bbgrid\u00a0\u00bb content_text_aligment=\u00a0\u00bbcenter\u00a0\u00bb css=\u00a0\u00bb.vc_custom_1569318479333{padding-top: 147px !important;padding-bottom: 52px !important;}\u00a0\u00bb][vc_column][\/vc_column][\/vc_row][vc_row row_content_width=\u00a0\u00bbgrid\u00a0\u00bb css=\u00a0\u00bb.vc_custom_1624459959585{padding-bottom: 70px !important;}\u00a0\u00bb][vc_column width=\u00a0\u00bb1\/2&Prime;][vc_column_text] L\u2019ex\u00e9cutif Pridham\u2019s Robin, fondateur de Pridham\u2019s, cumule 35 ans d\u2019exp\u00e9rience dans l\u2019achat et la vente d\u2019art et d\u2019antiquit\u00e9s. Il a \u00e9tudi\u00e9 \u00e0 la Reppert Auctioneering School [&hellip;]\" \/>\n<meta property=\"og:url\" content=\"https:\/\/pridhams.ca\/fr\/team\/\" \/>\n<meta property=\"og:site_name\" content=\"Pridham\u2019s Auction House\" \/>\n<meta property=\"article:publisher\" content=\"https:\/\/www.facebook.com\/PridhamsAuctionHouse\/\" \/>\n<meta property=\"article:modified_time\" content=\"2025-12-22T16:26:16+00:00\" \/>\n<meta name=\"twitter:card\" content=\"summary_large_image\" \/>\n<meta name=\"twitter:label1\" content=\"Dur\u00e9e de lecture estim\u00e9e\" \/>\n\t<meta name=\"twitter:data1\" content=\"2 minutes\" \/>\n<script type=\"application\/ld+json\" class=\"yoast-schema-graph\">{\"@context\":\"https:\\\/\\\/schema.org\",\"@graph\":[{\"@type\":\"WebPage\",\"@id\":\"https:\\\/\\\/pridhams.ca\\\/fr\\\/team\\\/\",\"url\":\"https:\\\/\\\/pridhams.ca\\\/fr\\\/team\\\/\",\"name\":\"\u00c9quipe - Pridham\u2019s Auction House\",\"isPartOf\":{\"@id\":\"https:\\\/\\\/pridhams.ca\\\/fr\\\/#website\"},\"datePublished\":\"2021-06-24T18:38:05+00:00\",\"dateModified\":\"2025-12-22T16:26:16+00:00\",\"breadcrumb\":{\"@id\":\"https:\\\/\\\/pridhams.ca\\\/fr\\\/team\\\/#breadcrumb\"},\"inLanguage\":\"fr-FR\",\"potentialAction\":[{\"@type\":\"ReadAction\",\"target\":[\"https:\\\/\\\/pridhams.ca\\\/fr\\\/team\\\/\"]}]},{\"@type\":\"BreadcrumbList\",\"@id\":\"https:\\\/\\\/pridhams.ca\\\/fr\\\/team\\\/#breadcrumb\",\"itemListElement\":[{\"@type\":\"ListItem\",\"position\":1,\"name\":\"Home\",\"item\":\"https:\\\/\\\/pridhams.ca\\\/fr\\\/\"},{\"@type\":\"ListItem\",\"position\":2,\"name\":\"\u00c9quipe\"}]},{\"@type\":\"WebSite\",\"@id\":\"https:\\\/\\\/pridhams.ca\\\/fr\\\/#website\",\"url\":\"https:\\\/\\\/pridhams.ca\\\/fr\\\/\",\"name\":\"Pridham\u2019s Auction House\",\"description\":\"\",\"publisher\":{\"@id\":\"https:\\\/\\\/pridhams.ca\\\/fr\\\/#organization\"},\"potentialAction\":[{\"@type\":\"SearchAction\",\"target\":{\"@type\":\"EntryPoint\",\"urlTemplate\":\"https:\\\/\\\/pridhams.ca\\\/fr\\\/?s={search_term_string}\"},\"query-input\":{\"@type\":\"PropertyValueSpecification\",\"valueRequired\":true,\"valueName\":\"search_term_string\"}}],\"inLanguage\":\"fr-FR\"},{\"@type\":\"Organization\",\"@id\":\"https:\\\/\\\/pridhams.ca\\\/fr\\\/#organization\",\"name\":\"Pridham's Auctions & Appraisals\",\"url\":\"https:\\\/\\\/pridhams.ca\\\/fr\\\/\",\"logo\":{\"@type\":\"ImageObject\",\"inLanguage\":\"fr-FR\",\"@id\":\"https:\\\/\\\/pridhams.ca\\\/fr\\\/#\\\/schema\\\/logo\\\/image\\\/\",\"url\":\"http:\\\/\\\/pridhams.ca\\\/wp-content\\\/uploads\\\/logo-menu.png\",\"contentUrl\":\"http:\\\/\\\/pridhams.ca\\\/wp-content\\\/uploads\\\/logo-menu.png\",\"width\":292,\"height\":63,\"caption\":\"Pridham's Auctions & Appraisals\"},\"image\":{\"@id\":\"https:\\\/\\\/pridhams.ca\\\/fr\\\/#\\\/schema\\\/logo\\\/image\\\/\"},\"sameAs\":[\"https:\\\/\\\/www.facebook.com\\\/PridhamsAuctionHouse\\\/\",\"https:\\\/\\\/www.instagram.com\\\/pridhams_auction_house\\\/\"]}]}<\/script>\n<!-- \/ Yoast SEO Premium plugin. -->","yoast_head_json":{"title":"\u00c9quipe - Pridham\u2019s Auction House","robots":{"index":"index","follow":"follow","max-snippet":"max-snippet:-1","max-image-preview":"max-image-preview:large","max-video-preview":"max-video-preview:-1"},"canonical":"https:\/\/pridhams.ca\/fr\/team\/","og_locale":"fr_FR","og_type":"article","og_title":"\u00c9quipe","og_description":"[vc_row content_placement=\u00a0\u00bbmiddle\u00a0\u00bb row_content_width=\u00a0\u00bbgrid\u00a0\u00bb content_text_aligment=\u00a0\u00bbcenter\u00a0\u00bb css=\u00a0\u00bb.vc_custom_1569318479333{padding-top: 147px !important;padding-bottom: 52px !important;}\u00a0\u00bb][vc_column][\/vc_column][\/vc_row][vc_row row_content_width=\u00a0\u00bbgrid\u00a0\u00bb css=\u00a0\u00bb.vc_custom_1624459959585{padding-bottom: 70px !important;}\u00a0\u00bb][vc_column width=\u00a0\u00bb1\/2&Prime;][vc_column_text] L\u2019ex\u00e9cutif Pridham\u2019s Robin, fondateur de Pridham\u2019s, cumule 35 ans d\u2019exp\u00e9rience dans l\u2019achat et la vente d\u2019art et d\u2019antiquit\u00e9s. Il a \u00e9tudi\u00e9 \u00e0 la Reppert Auctioneering School [&hellip;]","og_url":"https:\/\/pridhams.ca\/fr\/team\/","og_site_name":"Pridham\u2019s Auction House","article_publisher":"https:\/\/www.facebook.com\/PridhamsAuctionHouse\/","article_modified_time":"2025-12-22T16:26:16+00:00","twitter_card":"summary_large_image","twitter_misc":{"Dur\u00e9e de lecture estim\u00e9e":"2 minutes"},"schema":{"@context":"https:\/\/schema.org","@graph":[{"@type":"WebPage","@id":"https:\/\/pridhams.ca\/fr\/team\/","url":"https:\/\/pridhams.ca\/fr\/team\/","name":"\u00c9quipe - Pridham\u2019s Auction House","isPartOf":{"@id":"https:\/\/pridhams.ca\/fr\/#website"},"datePublished":"2021-06-24T18:38:05+00:00","dateModified":"2025-12-22T16:26:16+00:00","breadcrumb":{"@id":"https:\/\/pridhams.ca\/fr\/team\/#breadcrumb"},"inLanguage":"fr-FR","potentialAction":[{"@type":"ReadAction","target":["https:\/\/pridhams.ca\/fr\/team\/"]}]},{"@type":"BreadcrumbList","@id":"https:\/\/pridhams.ca\/fr\/team\/#breadcrumb","itemListElement":[{"@type":"ListItem","position":1,"name":"Home","item":"https:\/\/pridhams.ca\/fr\/"},{"@type":"ListItem","position":2,"name":"\u00c9quipe"}]},{"@type":"WebSite","@id":"https:\/\/pridhams.ca\/fr\/#website","url":"https:\/\/pridhams.ca\/fr\/","name":"Pridham\u2019s Auction House","description":"","publisher":{"@id":"https:\/\/pridhams.ca\/fr\/#organization"},"potentialAction":[{"@type":"SearchAction","target":{"@type":"EntryPoint","urlTemplate":"https:\/\/pridhams.ca\/fr\/?s={search_term_string}"},"query-input":{"@type":"PropertyValueSpecification","valueRequired":true,"valueName":"search_term_string"}}],"inLanguage":"fr-FR"},{"@type":"Organization","@id":"https:\/\/pridhams.ca\/fr\/#organization","name":"Pridham's Auctions & Appraisals","url":"https:\/\/pridhams.ca\/fr\/","logo":{"@type":"ImageObject","inLanguage":"fr-FR","@id":"https:\/\/pridhams.ca\/fr\/#\/schema\/logo\/image\/","url":"http:\/\/pridhams.ca\/wp-content\/uploads\/logo-menu.png","contentUrl":"http:\/\/pridhams.ca\/wp-content\/uploads\/logo-menu.png","width":292,"height":63,"caption":"Pridham's Auctions & Appraisals"},"image":{"@id":"https:\/\/pridhams.ca\/fr\/#\/schema\/logo\/image\/"},"sameAs":["https:\/\/www.facebook.com\/PridhamsAuctionHouse\/","https:\/\/www.instagram.com\/pridhams_auction_house\/"]}]}},"_links":{"self":[{"href":"https:\/\/pridhams.ca\/fr\/wp-json\/wp\/v2\/pages\/3477","targetHints":{"allow":["GET"]}}],"collection":[{"href":"https:\/\/pridhams.ca\/fr\/wp-json\/wp\/v2\/pages"}],"about":[{"href":"https:\/\/pridhams.ca\/fr\/wp-json\/wp\/v2\/types\/page"}],"author":[{"embeddable":true,"href":"https:\/\/pridhams.ca\/fr\/wp-json\/wp\/v2\/users\/1"}],"replies":[{"embeddable":true,"href":"https:\/\/pridhams.ca\/fr\/wp-json\/wp\/v2\/comments?post=3477"}],"version-history":[{"count":8,"href":"https:\/\/pridhams.ca\/fr\/wp-json\/wp\/v2\/pages\/3477\/revisions"}],"predecessor-version":[{"id":34151,"href":"https:\/\/pridhams.ca\/fr\/wp-json\/wp\/v2\/pages\/3477\/revisions\/34151"}],"wp:attachment":[{"href":"https:\/\/pridhams.ca\/fr\/wp-json\/wp\/v2\/media?parent=3477"}],"curies":[{"name":"wp","href":"https:\/\/api.w.org\/{rel}","templated":true}]}}