{"id":3486,"date":"2021-06-25T10:34:04","date_gmt":"2021-06-25T14:34:04","guid":{"rendered":"http:\/\/pridhams.ca\/?page_id=3486"},"modified":"2025-12-22T11:18:00","modified_gmt":"2025-12-22T16:18:00","slug":"evaluation","status":"publish","type":"page","link":"https:\/\/pridhams.ca\/fr\/evaluation\/","title":{"rendered":"\u00c9valuation"},"content":{"rendered":"<p>[vc_row content_placement=\u00a0\u00bbmiddle\u00a0\u00bb row_content_width=\u00a0\u00bbgrid\u00a0\u00bb content_text_aligment=\u00a0\u00bbcenter\u00a0\u00bb css=\u00a0\u00bb.vc_custom_1569318479333{padding-top: 147px !important;padding-bottom: 52px !important;}\u00a0\u00bb][vc_column]<div class=\"eltdf-section-title-holder   eltdf-st-decorative-line\" >\n\t<div class=\"eltdf-st-inner\">\n                    <span class=\"eltdf-st-caption\" style=\"color: #c9ab81;margin: 0 0 6px 0\">\n                <span class=\"eltdf-st-caption-inner\" >Nous aspirons \u00e0 vous simplifier la t\u00e2che<\/span>\n            <\/span>\n        \t\t\t\t\t<h2 class=\"eltdf-st-title\" >\n    <span class=\"eltdf-st-title-inner\"><span class=\"eltdf-st-side-line-left\" ><\/span>\u00c0 chaque \u00e9tape du parcours.<span class=\"eltdf-st-side-line-right\" ><\/span><\/span>\n\t\t\t<\/h2>\n\t\t\t\t\t\t\t<\/div>\n<\/div>[\/vc_column][\/vc_row][vc_row row_content_width=\u00a0\u00bbgrid\u00a0\u00bb css=\u00a0\u00bb.vc_custom_1624543461486{padding-top: 70px !important;padding-bottom: 70px !important;}\u00a0\u00bb][vc_column width=\u00a0\u00bb1\/2&Prime;][vc_column_text]<\/p>\n<h3>Aper\u00e7u du processus d\u2019\u00e9valuation<\/h3>\n<p>Nous pouvons \u00e9valuer divers types d\u2019objets pr\u00e9cieux et vous en donner la juste valeur marchande: \u0153uvres d\u2019art canadiennes et internationales, art inuit et autochtone, arts d\u00e9coratifs, Canadiana, art asiatique et tribal, argenterie, mobilier, pi\u00e8ces d\u2019architecture, vins fins, bijoux, montres et horloges, voitures, demeures, objets de collection, livres, monnaies et tout autre objet de valeur ou bien patrimonial.<\/p>\n<p>S\u2019il ne s\u2019agit que de quelques articles, veuillez d\u2019abord nous envoyer quelques photos par courriel et fournir certains d\u00e9tails tels que les dimensions, signatures, poin\u00e7ons, \u00e9tat des objets, ainsi que votre num\u00e9ro de t\u00e9l\u00e9phone. Nous vous r\u00e9pondrons dans les 24 heures.<\/p>\n<p>Il faudra en moyenne de un \u00e0 deux jours \u00e0 un expert de Pridham\u2019s pour \u00e9valuer tout le contenu d\u2019une demeure ou d\u2019une collection. Il ira de pi\u00e8ce en pi\u00e8ce, cataloguera les objets et prendra des photos. La dur\u00e9e de la visite variera en fonction de la grandeur de votre domicile, du nombre d\u2019articles que vous avez et de leur accessibilit\u00e9. L\u2019expert visitera toujours la maison de fond en comble pour s\u2019assurer que vous n\u2019oubliez aucun objet de valeur ou que vous vous appr\u00eatez \u00e0 disposer d\u2019une pi\u00e8ce importante.<\/p>\n<p>Le rapport d\u00e9taill\u00e9 pr\u00e9par\u00e9 par Pridham\u2019s est tr\u00e8s utile si vous devez r\u00e9gler la succession de vos parents avec vos fr\u00e8res et s\u0153urs, par exemple. Il est facile de partager l\u2019information avec eux par courriel s\u2019ils habitent dans diff\u00e9rentes parties du monde, de sorte que tout le monde ait les m\u00eames renseignements en main.[\/vc_column_text][\/vc_column][vc_column width=\u00a0\u00bb1\/2&Prime;][vc_single_image image=\u00a0\u00bb3453&Prime; img_size=\u00a0\u00bbfull\u00a0\u00bb alignment=\u00a0\u00bbcenter\u00a0\u00bb][\/vc_column][\/vc_row][vc_row row_content_width=\u00a0\u00bbgrid\u00a0\u00bb css=\u00a0\u00bb.vc_custom_1624544674273{padding-top: 70px !important;padding-bottom: 106px !important;}\u00a0\u00bb][vc_column width=\u00a0\u00bb1\/2&Prime;][vc_single_image image=\u00a0\u00bb3454&Prime; img_size=\u00a0\u00bbfull\u00a0\u00bb alignment=\u00a0\u00bbcenter\u00a0\u00bb][\/vc_column][vc_column width=\u00a0\u00bb1\/2&Prime;][vc_column_text]<\/p>\n<h3>Services d\u2019\u00e9valuation cl\u00e9-en-main<\/h3>\n<p>Que vous d\u00e9cidiez de ne vendre que quelques-uns des articles \u00e9valu\u00e9s ou tout le contenu de votre maison, Pridham\u2019s se fera un plaisir de discuter avec vous de la mani\u00e8re la plus efficace de transporter vos biens jusque dans ses locaux en toute s\u00e9curit\u00e9. Nous travaillons en collaboration avec plusieurs entreprises de d\u00e9m\u00e9nagement et sommes pass\u00e9s ma\u00eetres dans l\u2019emballage d\u2019objets de valeur. Le choix du mat\u00e9riel d\u2019emballage et les frais de transport sont d\u00e9termin\u00e9s au cas par cas. Nous d\u00e9ciderons avec vous de la meilleure fa\u00e7on de satisfaire vos besoins et de respecter votre \u00e9ch\u00e9ancier. Pour veiller \u00e0 votre tranquillit\u00e9 d\u2019esprit, avant le transport de vos biens, les deux parties concern\u00e9es signent un contrat de vente aux ench\u00e8res qui d\u00e9crit la d\u00e9marche dans son ensemble. Une fois chez Pridham\u2019s, vos objets de valeur sont \u00e9tiquet\u00e9s et entrepos\u00e9s jusqu\u2019au lancement du processus de vente aux ench\u00e8res. Vous pouvez vous fier \u00e0 l\u2019exp\u00e9rience de notre \u00e9quipe pour obtenir une \u00e9valuation juste de vos biens avec grand soin et professionnalisme. Nos tarifs sont bas\u00e9s sur un taux horaire.[\/vc_column_text][\/vc_column][\/vc_row][vc_row row_content_width=\u00a0\u00bbgrid\u00a0\u00bb css=\u00a0\u00bb.vc_custom_1624544435781{padding-top: 70px !important;padding-bottom: 70px !important;}\u00a0\u00bb simple_background_color=\u00a0\u00bb#f8f8f8&Prime;][vc_column][vc_column_text]<\/p>\n<h3>Nous pouvons vous aider.<\/h3>\n<p>Pridham\u2019s offre une vaste gamme de services d\u2019\u00e9valuation \u00e0 des personnes, des familles, des ex\u00e9cuteurs testamentaires, des liquidateurs, des notaires, des avocats et des sp\u00e9cialistes en gestion patrimoniale. Que ce soit parce que vous r\u00e9glez une succession, avez besoin d\u2019une \u00e9valuation \u00e0 des fins d\u2019assurance ou d\u00e9sirez simplement conna\u00eetre la valeur de vos biens, nous pouvons vous fournir une \u00e9valuation verbale pour quelques articles, ou un rapport \u00e9crit accompagn\u00e9 de photos pour tout votre domicile.[\/vc_column_text][vc_empty_space]<a itemprop=\"url\" href=\"\/fr\/contact\/\" target=\"_self\"  class=\"eltdf-btn eltdf-btn-medium eltdf-btn-outline-slit\"  >\n    <span class=\"eltdf-btn-text\">Contactez-nous<\/span>\n    <\/a>[\/vc_column][\/vc_row][vc_row content_placement=\u00a0\u00bbbottom\u00a0\u00bb row_content_width=\u00a0\u00bbgrid\u00a0\u00bb content_text_aligment=\u00a0\u00bbleft\u00a0\u00bb css=\u00a0\u00bb.vc_custom_1568886955767{padding-top: 106px !important;padding-bottom: 108px !important;}\u00a0\u00bb][vc_column]<div class=\"eltdf-elements-holder   eltdf-two-columns  eltdf-responsive-mode-1024 eltdf-one-column-alignment-left\" ><div class=\"eltdf-eh-item  eltdf-vertical-alignment-bottom  \"  data-item-class=\"eltdf-eh-custom-5949\" data-1400-1600=\"0 0 0 0\" data-1025-1399=\"0 0 0 0\" data-769-1024=\"0 0 37px 0\" data-681-768=\"0 0 37px 0\" data-680=\"0 0 37px 0\">\n\t<div class=\"eltdf-eh-item-inner\">\n\t\t<div class=\"eltdf-eh-item-content eltdf-eh-custom-5949\" style=\"padding: 0 0 0 0\">\n\t\t\t<div class=\"eltdf-section-title-holder   \" >\n\t<div class=\"eltdf-st-inner\">\n                    <span class=\"eltdf-st-caption\" style=\"color: #c9ab81;margin: 0 0 5px 0\">\n                <span class=\"eltdf-st-caption-inner\" >Abonnez-vous<\/span>\n            <\/span>\n        \t\t\t\t\t<h2 class=\"eltdf-st-title\" style=\"color: #4e4e4e\">\n    <span class=\"eltdf-st-title-inner\"><span class=\"eltdf-st-side-line-left\" ><\/span>\u00c0 notre infolettre<span class=\"eltdf-st-side-line-right\" ><\/span><\/span>\n\t\t\t<\/h2>\n\t\t\t\t\t\t\t<\/div>\n<\/div>\t\t<\/div>\n\t<\/div>\n<\/div><div class=\"eltdf-eh-item  eltdf-vertical-alignment-bottom  \"  data-item-class=\"eltdf-eh-custom-4739\" data-1400-1600=\"0 0 9px 0\" data-1025-1399=\"0 0 9px 0\">\n\t<div class=\"eltdf-eh-item-inner\">\n\t\t<div class=\"eltdf-eh-item-content eltdf-eh-custom-4739\" style=\"padding: 0 0 9px 0\">\n\t\t\t\n<div class=\"wpcf7 no-js\" id=\"wpcf7-f576-o1\" lang=\"en-US\" dir=\"ltr\" data-wpcf7-id=\"576\">\n<div class=\"screen-reader-response\"><p role=\"status\" aria-live=\"polite\" aria-atomic=\"true\"><\/p> <ul><\/ul><\/div>\n<form action=\"\/fr\/wp-json\/wp\/v2\/pages\/3486#wpcf7-f576-o1\" method=\"post\" class=\"wpcf7-form init\" aria-label=\"Contact form\" novalidate=\"novalidate\" data-status=\"init\">\n<fieldset class=\"hidden-fields-container\"><input type=\"hidden\" name=\"_wpcf7\" value=\"576\" \/><input type=\"hidden\" name=\"_wpcf7_version\" value=\"6.1.5\" \/><input type=\"hidden\" name=\"_wpcf7_locale\" value=\"en_US\" \/><input type=\"hidden\" name=\"_wpcf7_unit_tag\" value=\"wpcf7-f576-o1\" \/><input type=\"hidden\" name=\"_wpcf7_container_post\" value=\"0\" \/><input type=\"hidden\" name=\"_wpcf7_posted_data_hash\" value=\"\" \/><input type=\"hidden\" name=\"_wpcf7_recaptcha_response\" value=\"\" \/>\n<\/fieldset>\n<div class=\"eltdf-row-half\">\n\t<p><label><span class=\"wpcf7-form-control-wrap\" data-name=\"your-fname\"><input size=\"40\" maxlength=\"400\" class=\"wpcf7-form-control wpcf7-text wpcf7-validates-as-required\" aria-required=\"true\" aria-invalid=\"false\" placeholder=\"First Name\" value=\"\" type=\"text\" name=\"your-fname\" \/><\/span> <\/label>\n\t<\/p>\n<\/div>\n<div class=\"eltdf-row-half vright\">\n\t<p><label><span class=\"wpcf7-form-control-wrap\" data-name=\"your-lname\"><input size=\"40\" maxlength=\"400\" class=\"wpcf7-form-control wpcf7-text wpcf7-validates-as-required\" aria-required=\"true\" aria-invalid=\"false\" placeholder=\"Last Name\" value=\"\" type=\"text\" name=\"your-lname\" \/><\/span> <\/label>\n\t<\/p>\n<\/div>\n<p><label><span class=\"wpcf7-form-control-wrap\" data-name=\"your-email\"><input size=\"40\" maxlength=\"400\" class=\"wpcf7-form-control wpcf7-email wpcf7-validates-as-required wpcf7-text wpcf7-validates-as-email\" aria-required=\"true\" aria-invalid=\"false\" placeholder=\"Your Mail\" value=\"\" type=\"email\" name=\"your-email\" \/><\/span> <\/label>\n<\/p>\n<p><button class=\"wpcf7-form-control wpcf7-submit eltdf-btn-outline-slit eltdf-btn eltdf-btn-medium eltdf-btn-outline\" type=\"submit\"><span class=\"eltdf-btn-text\">Subscribe<\/span><\/button>\n<\/p>\n\n<div class=\"wpcf7-response-output\" aria-hidden=\"true\"><\/div>\n<\/form>\n<\/div>\n\t\t<\/div>\n\t<\/div>\n<\/div><\/div>[\/vc_column][\/vc_row]<\/p>\n","protected":false},"excerpt":{"rendered":"<p>[vc_row content_placement=\u00a0\u00bbmiddle\u00a0\u00bb row_content_width=\u00a0\u00bbgrid\u00a0\u00bb content_text_aligment=\u00a0\u00bbcenter\u00a0\u00bb css=\u00a0\u00bb.vc_custom_1569318479333{padding-top: 147px !important;padding-bottom: 52px !important;}\u00a0\u00bb][vc_column][\/vc_column][\/vc_row][vc_row row_content_width=\u00a0\u00bbgrid\u00a0\u00bb css=\u00a0\u00bb.vc_custom_1624543461486{padding-top: 70px !important;padding-bottom: 70px !important;}\u00a0\u00bb][vc_column width=\u00a0\u00bb1\/2&Prime;][vc_column_text] Aper\u00e7u du processus d\u2019\u00e9valuation Nous pouvons \u00e9valuer divers types d\u2019objets pr\u00e9cieux et vous en donner la juste valeur marchande: \u0153uvres d\u2019art canadiennes et internationales, [&hellip;]<\/p>\n","protected":false},"author":1,"featured_media":0,"parent":0,"menu_order":0,"comment_status":"closed","ping_status":"closed","template":"full-width.php","meta":{"om_disable_all_campaigns":false,"_monsterinsights_skip_tracking":false,"_monsterinsights_sitenote_active":false,"_monsterinsights_sitenote_note":"","_monsterinsights_sitenote_category":0,"_uf_show_specific_survey":0,"_uf_disable_surveys":false,"footnotes":""},"class_list":["post-3486","page","type-page","status-publish","hentry"],"yoast_head":"<!-- This site is optimized with the Yoast SEO Premium plugin v27.3 (Yoast SEO v27.3) - https:\/\/yoast.com\/product\/yoast-seo-premium-wordpress\/ -->\n<title>\u00c9valuation - Pridham\u2019s Auction House<\/title>\n<meta name=\"robots\" content=\"index, follow, max-snippet:-1, max-image-preview:large, max-video-preview:-1\" \/>\n<link rel=\"canonical\" href=\"https:\/\/pridhams.ca\/fr\/evaluation\/\" \/>\n<meta property=\"og:locale\" content=\"fr_FR\" \/>\n<meta property=\"og:type\" content=\"article\" \/>\n<meta property=\"og:title\" content=\"\u00c9valuation\" \/>\n<meta property=\"og:description\" content=\"[vc_row content_placement=\u00a0\u00bbmiddle\u00a0\u00bb row_content_width=\u00a0\u00bbgrid\u00a0\u00bb content_text_aligment=\u00a0\u00bbcenter\u00a0\u00bb css=\u00a0\u00bb.vc_custom_1569318479333{padding-top: 147px !important;padding-bottom: 52px !important;}\u00a0\u00bb][vc_column][\/vc_column][\/vc_row][vc_row row_content_width=\u00a0\u00bbgrid\u00a0\u00bb css=\u00a0\u00bb.vc_custom_1624543461486{padding-top: 70px !important;padding-bottom: 70px !important;}\u00a0\u00bb][vc_column width=\u00a0\u00bb1\/2&Prime;][vc_column_text] Aper\u00e7u du processus d\u2019\u00e9valuation Nous pouvons \u00e9valuer divers types d\u2019objets pr\u00e9cieux et vous en donner la juste valeur marchande: \u0153uvres d\u2019art canadiennes et internationales, [&hellip;]\" \/>\n<meta property=\"og:url\" content=\"https:\/\/pridhams.ca\/fr\/evaluation\/\" \/>\n<meta property=\"og:site_name\" content=\"Pridham\u2019s Auction House\" \/>\n<meta property=\"article:publisher\" content=\"https:\/\/www.facebook.com\/PridhamsAuctionHouse\/\" \/>\n<meta property=\"article:modified_time\" content=\"2025-12-22T16:18:00+00:00\" \/>\n<meta name=\"twitter:card\" content=\"summary_large_image\" \/>\n<meta name=\"twitter:label1\" content=\"Dur\u00e9e de lecture estim\u00e9e\" \/>\n\t<meta name=\"twitter:data1\" content=\"4 minutes\" \/>\n<script type=\"application\/ld+json\" class=\"yoast-schema-graph\">{\"@context\":\"https:\\\/\\\/schema.org\",\"@graph\":[{\"@type\":\"WebPage\",\"@id\":\"https:\\\/\\\/pridhams.ca\\\/fr\\\/evaluation\\\/\",\"url\":\"https:\\\/\\\/pridhams.ca\\\/fr\\\/evaluation\\\/\",\"name\":\"\u00c9valuation - Pridham\u2019s Auction House\",\"isPartOf\":{\"@id\":\"https:\\\/\\\/pridhams.ca\\\/fr\\\/#website\"},\"datePublished\":\"2021-06-25T14:34:04+00:00\",\"dateModified\":\"2025-12-22T16:18:00+00:00\",\"breadcrumb\":{\"@id\":\"https:\\\/\\\/pridhams.ca\\\/fr\\\/evaluation\\\/#breadcrumb\"},\"inLanguage\":\"fr-FR\",\"potentialAction\":[{\"@type\":\"ReadAction\",\"target\":[\"https:\\\/\\\/pridhams.ca\\\/fr\\\/evaluation\\\/\"]}]},{\"@type\":\"BreadcrumbList\",\"@id\":\"https:\\\/\\\/pridhams.ca\\\/fr\\\/evaluation\\\/#breadcrumb\",\"itemListElement\":[{\"@type\":\"ListItem\",\"position\":1,\"name\":\"Home\",\"item\":\"https:\\\/\\\/pridhams.ca\\\/fr\\\/\"},{\"@type\":\"ListItem\",\"position\":2,\"name\":\"\u00c9valuation\"}]},{\"@type\":\"WebSite\",\"@id\":\"https:\\\/\\\/pridhams.ca\\\/fr\\\/#website\",\"url\":\"https:\\\/\\\/pridhams.ca\\\/fr\\\/\",\"name\":\"Pridham\u2019s Auction House\",\"description\":\"\",\"publisher\":{\"@id\":\"https:\\\/\\\/pridhams.ca\\\/fr\\\/#organization\"},\"potentialAction\":[{\"@type\":\"SearchAction\",\"target\":{\"@type\":\"EntryPoint\",\"urlTemplate\":\"https:\\\/\\\/pridhams.ca\\\/fr\\\/?s={search_term_string}\"},\"query-input\":{\"@type\":\"PropertyValueSpecification\",\"valueRequired\":true,\"valueName\":\"search_term_string\"}}],\"inLanguage\":\"fr-FR\"},{\"@type\":\"Organization\",\"@id\":\"https:\\\/\\\/pridhams.ca\\\/fr\\\/#organization\",\"name\":\"Pridham's Auctions & Appraisals\",\"url\":\"https:\\\/\\\/pridhams.ca\\\/fr\\\/\",\"logo\":{\"@type\":\"ImageObject\",\"inLanguage\":\"fr-FR\",\"@id\":\"https:\\\/\\\/pridhams.ca\\\/fr\\\/#\\\/schema\\\/logo\\\/image\\\/\",\"url\":\"http:\\\/\\\/pridhams.ca\\\/wp-content\\\/uploads\\\/logo-menu.png\",\"contentUrl\":\"http:\\\/\\\/pridhams.ca\\\/wp-content\\\/uploads\\\/logo-menu.png\",\"width\":292,\"height\":63,\"caption\":\"Pridham's Auctions & Appraisals\"},\"image\":{\"@id\":\"https:\\\/\\\/pridhams.ca\\\/fr\\\/#\\\/schema\\\/logo\\\/image\\\/\"},\"sameAs\":[\"https:\\\/\\\/www.facebook.com\\\/PridhamsAuctionHouse\\\/\",\"https:\\\/\\\/www.instagram.com\\\/pridhams_auction_house\\\/\"]}]}<\/script>\n<!-- \/ Yoast SEO Premium plugin. -->","yoast_head_json":{"title":"\u00c9valuation - Pridham\u2019s Auction House","robots":{"index":"index","follow":"follow","max-snippet":"max-snippet:-1","max-image-preview":"max-image-preview:large","max-video-preview":"max-video-preview:-1"},"canonical":"https:\/\/pridhams.ca\/fr\/evaluation\/","og_locale":"fr_FR","og_type":"article","og_title":"\u00c9valuation","og_description":"[vc_row content_placement=\u00a0\u00bbmiddle\u00a0\u00bb row_content_width=\u00a0\u00bbgrid\u00a0\u00bb content_text_aligment=\u00a0\u00bbcenter\u00a0\u00bb css=\u00a0\u00bb.vc_custom_1569318479333{padding-top: 147px !important;padding-bottom: 52px !important;}\u00a0\u00bb][vc_column][\/vc_column][\/vc_row][vc_row row_content_width=\u00a0\u00bbgrid\u00a0\u00bb css=\u00a0\u00bb.vc_custom_1624543461486{padding-top: 70px !important;padding-bottom: 70px !important;}\u00a0\u00bb][vc_column width=\u00a0\u00bb1\/2&Prime;][vc_column_text] Aper\u00e7u du processus d\u2019\u00e9valuation Nous pouvons \u00e9valuer divers types d\u2019objets pr\u00e9cieux et vous en donner la juste valeur marchande: \u0153uvres d\u2019art canadiennes et internationales, [&hellip;]","og_url":"https:\/\/pridhams.ca\/fr\/evaluation\/","og_site_name":"Pridham\u2019s Auction House","article_publisher":"https:\/\/www.facebook.com\/PridhamsAuctionHouse\/","article_modified_time":"2025-12-22T16:18:00+00:00","twitter_card":"summary_large_image","twitter_misc":{"Dur\u00e9e de lecture estim\u00e9e":"4 minutes"},"schema":{"@context":"https:\/\/schema.org","@graph":[{"@type":"WebPage","@id":"https:\/\/pridhams.ca\/fr\/evaluation\/","url":"https:\/\/pridhams.ca\/fr\/evaluation\/","name":"\u00c9valuation - Pridham\u2019s Auction House","isPartOf":{"@id":"https:\/\/pridhams.ca\/fr\/#website"},"datePublished":"2021-06-25T14:34:04+00:00","dateModified":"2025-12-22T16:18:00+00:00","breadcrumb":{"@id":"https:\/\/pridhams.ca\/fr\/evaluation\/#breadcrumb"},"inLanguage":"fr-FR","potentialAction":[{"@type":"ReadAction","target":["https:\/\/pridhams.ca\/fr\/evaluation\/"]}]},{"@type":"BreadcrumbList","@id":"https:\/\/pridhams.ca\/fr\/evaluation\/#breadcrumb","itemListElement":[{"@type":"ListItem","position":1,"name":"Home","item":"https:\/\/pridhams.ca\/fr\/"},{"@type":"ListItem","position":2,"name":"\u00c9valuation"}]},{"@type":"WebSite","@id":"https:\/\/pridhams.ca\/fr\/#website","url":"https:\/\/pridhams.ca\/fr\/","name":"Pridham\u2019s Auction House","description":"","publisher":{"@id":"https:\/\/pridhams.ca\/fr\/#organization"},"potentialAction":[{"@type":"SearchAction","target":{"@type":"EntryPoint","urlTemplate":"https:\/\/pridhams.ca\/fr\/?s={search_term_string}"},"query-input":{"@type":"PropertyValueSpecification","valueRequired":true,"valueName":"search_term_string"}}],"inLanguage":"fr-FR"},{"@type":"Organization","@id":"https:\/\/pridhams.ca\/fr\/#organization","name":"Pridham's Auctions & Appraisals","url":"https:\/\/pridhams.ca\/fr\/","logo":{"@type":"ImageObject","inLanguage":"fr-FR","@id":"https:\/\/pridhams.ca\/fr\/#\/schema\/logo\/image\/","url":"http:\/\/pridhams.ca\/wp-content\/uploads\/logo-menu.png","contentUrl":"http:\/\/pridhams.ca\/wp-content\/uploads\/logo-menu.png","width":292,"height":63,"caption":"Pridham's Auctions & Appraisals"},"image":{"@id":"https:\/\/pridhams.ca\/fr\/#\/schema\/logo\/image\/"},"sameAs":["https:\/\/www.facebook.com\/PridhamsAuctionHouse\/","https:\/\/www.instagram.com\/pridhams_auction_house\/"]}]}},"_links":{"self":[{"href":"https:\/\/pridhams.ca\/fr\/wp-json\/wp\/v2\/pages\/3486","targetHints":{"allow":["GET"]}}],"collection":[{"href":"https:\/\/pridhams.ca\/fr\/wp-json\/wp\/v2\/pages"}],"about":[{"href":"https:\/\/pridhams.ca\/fr\/wp-json\/wp\/v2\/types\/page"}],"author":[{"embeddable":true,"href":"https:\/\/pridhams.ca\/fr\/wp-json\/wp\/v2\/users\/1"}],"replies":[{"embeddable":true,"href":"https:\/\/pridhams.ca\/fr\/wp-json\/wp\/v2\/comments?post=3486"}],"version-history":[{"count":6,"href":"https:\/\/pridhams.ca\/fr\/wp-json\/wp\/v2\/pages\/3486\/revisions"}],"predecessor-version":[{"id":34146,"href":"https:\/\/pridhams.ca\/fr\/wp-json\/wp\/v2\/pages\/3486\/revisions\/34146"}],"wp:attachment":[{"href":"https:\/\/pridhams.ca\/fr\/wp-json\/wp\/v2\/media?parent=3486"}],"curies":[{"name":"wp","href":"https:\/\/api.w.org\/{rel}","templated":true}]}}