{"id":3491,"date":"2021-06-25T10:42:12","date_gmt":"2021-06-25T14:42:12","guid":{"rendered":"http:\/\/pridhams.ca\/?page_id=3491"},"modified":"2025-12-22T11:24:12","modified_gmt":"2025-12-22T16:24:12","slug":"achat","status":"publish","type":"page","link":"https:\/\/pridhams.ca\/fr\/achat\/","title":{"rendered":"Achat"},"content":{"rendered":"<p>[vc_row content_placement=\u00a0\u00bbmiddle\u00a0\u00bb row_content_width=\u00a0\u00bbgrid\u00a0\u00bb content_text_aligment=\u00a0\u00bbcenter\u00a0\u00bb css=\u00a0\u00bb.vc_custom_1569318479333{padding-top: 147px !important;padding-bottom: 52px !important;}\u00a0\u00bb][vc_column]<div class=\"eltdf-section-title-holder   eltdf-st-decorative-line\" >\n\t<div class=\"eltdf-st-inner\">\n                    <span class=\"eltdf-st-caption\" style=\"color: #c9ab81;margin: 0 0 6px 0\">\n                <span class=\"eltdf-st-caption-inner\" >Nous aspirons \u00e0 vous simplifier la t\u00e2che<\/span>\n            <\/span>\n        \t\t\t\t\t<h2 class=\"eltdf-st-title\" >\n    <span class=\"eltdf-st-title-inner\"><span class=\"eltdf-st-side-line-left\" ><\/span>\u00c0 chaque \u00e9tape du parcours.<span class=\"eltdf-st-side-line-right\" ><\/span><\/span>\n\t\t\t<\/h2>\n\t\t\t\t\t\t\t<\/div>\n<\/div>[vc_column_text]<\/p>\n<h3 style=\"text-align: center;\">Comment faire une mise<\/h3>\n<p style=\"text-align: center;\">Chez Pridham\u2019s Auctions &amp; Appraisals, vous pouvez ench\u00e9rir en direct en participant \u00e0 une vente en personne, faire une mise sur une plateforme en ligne pr\u00e9d\u00e9termin\u00e9e (aussi appel\u00e9e webdiffusion) apr\u00e8s avoir r\u00e9serv\u00e9 une ligne t\u00e9l\u00e9phonique quelques jours avant la vente ou, en votre absence, ench\u00e9rir par ordre d\u2019achat. Si vous avez des questions sur le processus d\u2019achat dans une vente aux ench\u00e8res, n\u2019h\u00e9sitez pas \u00e0 <a href=\"\/fr\/contact\">communiquer avec nous<\/a>. Nous serons heureux de passer en revue les processus d\u2019achat et d\u2019enregistrement avec vous.<\/p>\n<p>[\/vc_column_text][\/vc_column][\/vc_row][vc_row row_content_width=\u00a0\u00bbgrid\u00a0\u00bb css=\u00a0\u00bb.vc_custom_1624543461486{padding-top: 70px !important;padding-bottom: 70px !important;}\u00a0\u00bb][vc_column width=\u00a0\u00bb1\/2&Prime;][vc_column_text]<\/p>\n<h3>Le processus d&rsquo;achat<\/h3>\n<p>Vous pouvez consulter n\u2019importe lequel de nos catalogues de vente aux ench\u00e8res sans devoir vous enregistrer. Les descriptions et les estimations relatives aux ench\u00e8res sont toujours affich\u00e9es \u00e0 votre intention. Vous ne devez fournir des renseignements personnels que lors de l\u2019enregistrement qui vous permettra de faire une mise. Prenez le temps de bien lire les conditions de vente avant d\u2019ench\u00e9rir. Elles sont toujours pr\u00e9sent\u00e9es dans la section \u00ab D\u00e9tails de la vente aux ench\u00e8res \u00bb. Des taxes canadiennes et une prime d\u2019acheteur peuvent s\u2019appliquer \u00e0 un achat r\u00e9alis\u00e9 dans le cadre d\u2019une vente et seront pr\u00e9cis\u00e9es.<\/p>\n<p>Effectuer un achat est facile, mais qu\u2019en est-il du transport et des frais connexes? Lorsque vous achetez un article chez Pridham\u2019s, une fois votre achat compl\u00e8tement pay\u00e9, nous convenons avec vous des dispositions n\u00e9cessaires \u00e0 prendre pour faire livrer votre pi\u00e8ce par des professionnels. Nous offrons un service de navette gratuit au magasin UPS #360 pour les objets de petites et moyennes tailles. UPS s\u2019occupe de l\u2019emballage, des assurances et obtiendra votre num\u00e9ro de carte de cr\u00e9dit au moyen d\u2019un formulaire UPS en ligne que vous devrez signer et lui retourner. Vous pouvez communiquer avec UPS avant une vente aux ench\u00e8res pour conna\u00eetre les frais approximatifs d\u2019exp\u00e9dition. Mentionnez le ou les num\u00e9ros de lots que vous d\u00e9sirez acheter. Pour les gros objets, comme des meubles ou des pi\u00e8ces d\u2019architecture, nous pouvons assurer la liaison avec la soci\u00e9t\u00e9 de transport de votre choix, sans frais. N\u2019h\u00e9sitez pas \u00e0 communiquer avec nous directement pour vous renseigner sur les soci\u00e9t\u00e9s de transport et les modes d\u2019exp\u00e9dition qui satisferont vos besoins. Pridham\u2019s peut entreposer les petits articles parce qu\u2019ils prennent peu de place, mais ne peut garder les gros objets que pour cinq jours ouvrables. Veuillez tenir compte de la date des ench\u00e8res et de votre disponibilit\u00e9.[\/vc_column_text][\/vc_column][vc_column width=\u00a0\u00bb1\/2&Prime;][vc_single_image image=\u00a0\u00bb3451&Prime; img_size=\u00a0\u00bbfull\u00a0\u00bb alignment=\u00a0\u00bbcenter\u00a0\u00bb][\/vc_column][\/vc_row][vc_row content_placement=\u00a0\u00bbmiddle\u00a0\u00bb row_content_width=\u00a0\u00bbgrid\u00a0\u00bb content_text_aligment=\u00a0\u00bbcenter\u00a0\u00bb css=\u00a0\u00bb.vc_custom_1624544068663{padding-top: 157px !important;padding-bottom: 170px !important;}\u00a0\u00bb parallax_background_image=\u00a0\u00bb3094&Prime; parallax_bg_height=\u00a0\u00bb545px\u00a0\u00bb el_class=\u00a0\u00bbpromo\u00a0\u00bb parallax_bg_speed=\u00a0\u00bb1&Prime;][vc_column]<div class=\"eltdf-section-title-holder  eltdf-st-disable-title-break \" style=\"text-align: center\">\n\t<div class=\"eltdf-st-inner\">\n        \t\t\t\t\t<h3 class=\"eltdf-st-title\" style=\"color: #ffffff\">\n    <span class=\"eltdf-st-title-inner\"><span class=\"eltdf-st-side-line-left\" ><\/span>Webdiffusion<span class=\"eltdf-st-side-line-right\" ><\/span><\/span>\n\t\t\t<\/h3>\n\t\t\t\t\t\t\t<p class=\"eltdf-st-text\" >\n\t\t\t\tVous pouvez visiter la page de diffusion Web de Pridham sur Live Auctioneers o\u00f9 vous pouvez voir les r\u00e9sultats des ench\u00e8res pass\u00e9es et les ventes \u00e0 venir avec des d\u00e9tails et des photos.\t\t\t<\/p>\n\t\t\t\t\t\t\t<div class=\"eltdf-st-button\"><a itemprop=\"url\" href=\"https:\/\/pridhams-auction-house.liveauctioneers.com\/\" target=\"_blank\" style=\"color: #ffffff;margin: 39px 0 0\" class=\"eltdf-btn eltdf-btn-medium eltdf-btn-outline-slit eltdf-btn-custom-hover-color\" data-hover-color=\"#ffffff\" >    <span class=\"eltdf-btn-text\">Commissaires-priseurs en direct<\/span>    <\/a><\/div>\n\t\t\t<\/div>\n<\/div>[\/vc_column][\/vc_row][vc_row content_placement=\u00a0\u00bbbottom\u00a0\u00bb row_content_width=\u00a0\u00bbgrid\u00a0\u00bb content_text_aligment=\u00a0\u00bbleft\u00a0\u00bb css=\u00a0\u00bb.vc_custom_1568886955767{padding-top: 106px !important;padding-bottom: 108px !important;}\u00a0\u00bb][vc_column]<div class=\"eltdf-elements-holder   eltdf-two-columns  eltdf-responsive-mode-1024 eltdf-one-column-alignment-left\" ><div class=\"eltdf-eh-item  eltdf-vertical-alignment-bottom  \"  data-item-class=\"eltdf-eh-custom-9606\" data-1400-1600=\"0 0 0 0\" data-1025-1399=\"0 0 0 0\" data-769-1024=\"0 0 37px 0\" data-681-768=\"0 0 37px 0\" data-680=\"0 0 37px 0\">\n\t<div class=\"eltdf-eh-item-inner\">\n\t\t<div class=\"eltdf-eh-item-content eltdf-eh-custom-9606\" style=\"padding: 0 0 0 0\">\n\t\t\t<div class=\"eltdf-section-title-holder   \" >\n\t<div class=\"eltdf-st-inner\">\n                    <span class=\"eltdf-st-caption\" style=\"color: #c9ab81;margin: 0 0 5px 0\">\n                <span class=\"eltdf-st-caption-inner\" >Abonnez-vous<\/span>\n            <\/span>\n        \t\t\t\t\t<h2 class=\"eltdf-st-title\" style=\"color: #4e4e4e\">\n    <span class=\"eltdf-st-title-inner\"><span class=\"eltdf-st-side-line-left\" ><\/span>\u00c0 notre infolettre<span class=\"eltdf-st-side-line-right\" ><\/span><\/span>\n\t\t\t<\/h2>\n\t\t\t\t\t\t\t<\/div>\n<\/div>\t\t<\/div>\n\t<\/div>\n<\/div><div class=\"eltdf-eh-item  eltdf-vertical-alignment-bottom  \"  data-item-class=\"eltdf-eh-custom-7647\" data-1400-1600=\"0 0 9px 0\" data-1025-1399=\"0 0 9px 0\">\n\t<div class=\"eltdf-eh-item-inner\">\n\t\t<div class=\"eltdf-eh-item-content eltdf-eh-custom-7647\" style=\"padding: 0 0 9px 0\">\n\t\t\t\n<div class=\"wpcf7 no-js\" id=\"wpcf7-f576-o1\" lang=\"en-US\" dir=\"ltr\" data-wpcf7-id=\"576\">\n<div class=\"screen-reader-response\"><p role=\"status\" aria-live=\"polite\" aria-atomic=\"true\"><\/p> <ul><\/ul><\/div>\n<form action=\"\/fr\/wp-json\/wp\/v2\/pages\/3491#wpcf7-f576-o1\" method=\"post\" class=\"wpcf7-form init\" aria-label=\"Contact form\" novalidate=\"novalidate\" data-status=\"init\">\n<fieldset class=\"hidden-fields-container\"><input type=\"hidden\" name=\"_wpcf7\" value=\"576\" \/><input type=\"hidden\" name=\"_wpcf7_version\" value=\"6.1.5\" \/><input type=\"hidden\" name=\"_wpcf7_locale\" value=\"en_US\" \/><input type=\"hidden\" name=\"_wpcf7_unit_tag\" value=\"wpcf7-f576-o1\" \/><input type=\"hidden\" name=\"_wpcf7_container_post\" value=\"0\" \/><input type=\"hidden\" name=\"_wpcf7_posted_data_hash\" value=\"\" \/><input type=\"hidden\" name=\"_wpcf7_recaptcha_response\" value=\"\" \/>\n<\/fieldset>\n<div class=\"eltdf-row-half\">\n\t<p><label><span class=\"wpcf7-form-control-wrap\" data-name=\"your-fname\"><input size=\"40\" maxlength=\"400\" class=\"wpcf7-form-control wpcf7-text wpcf7-validates-as-required\" aria-required=\"true\" aria-invalid=\"false\" placeholder=\"First Name\" value=\"\" type=\"text\" name=\"your-fname\" \/><\/span> <\/label>\n\t<\/p>\n<\/div>\n<div class=\"eltdf-row-half vright\">\n\t<p><label><span class=\"wpcf7-form-control-wrap\" data-name=\"your-lname\"><input size=\"40\" maxlength=\"400\" class=\"wpcf7-form-control wpcf7-text wpcf7-validates-as-required\" aria-required=\"true\" aria-invalid=\"false\" placeholder=\"Last Name\" value=\"\" type=\"text\" name=\"your-lname\" \/><\/span> <\/label>\n\t<\/p>\n<\/div>\n<p><label><span class=\"wpcf7-form-control-wrap\" data-name=\"your-email\"><input size=\"40\" maxlength=\"400\" class=\"wpcf7-form-control wpcf7-email wpcf7-validates-as-required wpcf7-text wpcf7-validates-as-email\" aria-required=\"true\" aria-invalid=\"false\" placeholder=\"Your Mail\" value=\"\" type=\"email\" name=\"your-email\" \/><\/span> <\/label>\n<\/p>\n<p><button class=\"wpcf7-form-control wpcf7-submit eltdf-btn-outline-slit eltdf-btn eltdf-btn-medium eltdf-btn-outline\" type=\"submit\"><span class=\"eltdf-btn-text\">Subscribe<\/span><\/button>\n<\/p>\n\n<div class=\"wpcf7-response-output\" aria-hidden=\"true\"><\/div>\n<\/form>\n<\/div>\n\t\t<\/div>\n\t<\/div>\n<\/div><\/div>[\/vc_column][\/vc_row]<\/p>\n","protected":false},"excerpt":{"rendered":"<p>[vc_row content_placement=\u00a0\u00bbmiddle\u00a0\u00bb row_content_width=\u00a0\u00bbgrid\u00a0\u00bb content_text_aligment=\u00a0\u00bbcenter\u00a0\u00bb css=\u00a0\u00bb.vc_custom_1569318479333{padding-top: 147px !important;padding-bottom: 52px !important;}\u00a0\u00bb][vc_column][vc_column_text] Comment faire une mise Chez Pridham\u2019s Auctions &amp; Appraisals, vous pouvez ench\u00e9rir en direct en participant \u00e0 une vente en personne, faire une mise sur une plateforme en ligne pr\u00e9d\u00e9termin\u00e9e (aussi [&hellip;]<\/p>\n","protected":false},"author":1,"featured_media":0,"parent":0,"menu_order":0,"comment_status":"closed","ping_status":"closed","template":"full-width.php","meta":{"om_disable_all_campaigns":false,"_monsterinsights_skip_tracking":false,"_monsterinsights_sitenote_active":false,"_monsterinsights_sitenote_note":"","_monsterinsights_sitenote_category":0,"_uf_show_specific_survey":0,"_uf_disable_surveys":false,"footnotes":""},"class_list":["post-3491","page","type-page","status-publish","hentry"],"yoast_head":"<!-- This site is optimized with the Yoast SEO Premium plugin v27.3 (Yoast SEO v27.3) - https:\/\/yoast.com\/product\/yoast-seo-premium-wordpress\/ -->\n<title>Achat - Pridham\u2019s Auction House<\/title>\n<meta name=\"robots\" content=\"index, follow, max-snippet:-1, max-image-preview:large, max-video-preview:-1\" \/>\n<link rel=\"canonical\" href=\"https:\/\/pridhams.ca\/fr\/achat\/\" \/>\n<meta property=\"og:locale\" content=\"fr_FR\" \/>\n<meta property=\"og:type\" content=\"article\" \/>\n<meta property=\"og:title\" content=\"Achat\" \/>\n<meta property=\"og:description\" content=\"[vc_row content_placement=\u00a0\u00bbmiddle\u00a0\u00bb row_content_width=\u00a0\u00bbgrid\u00a0\u00bb content_text_aligment=\u00a0\u00bbcenter\u00a0\u00bb css=\u00a0\u00bb.vc_custom_1569318479333{padding-top: 147px !important;padding-bottom: 52px !important;}\u00a0\u00bb][vc_column][vc_column_text] Comment faire une mise Chez Pridham\u2019s Auctions &amp; Appraisals, vous pouvez ench\u00e9rir en direct en participant \u00e0 une vente en personne, faire une mise sur une plateforme en ligne pr\u00e9d\u00e9termin\u00e9e (aussi [&hellip;]\" \/>\n<meta property=\"og:url\" content=\"https:\/\/pridhams.ca\/fr\/achat\/\" \/>\n<meta property=\"og:site_name\" content=\"Pridham\u2019s Auction House\" \/>\n<meta property=\"article:publisher\" content=\"https:\/\/www.facebook.com\/PridhamsAuctionHouse\/\" \/>\n<meta property=\"article:modified_time\" content=\"2025-12-22T16:24:12+00:00\" \/>\n<meta name=\"twitter:card\" content=\"summary_large_image\" \/>\n<meta name=\"twitter:label1\" content=\"Dur\u00e9e de lecture estim\u00e9e\" \/>\n\t<meta name=\"twitter:data1\" content=\"3 minutes\" \/>\n<script type=\"application\/ld+json\" class=\"yoast-schema-graph\">{\"@context\":\"https:\\\/\\\/schema.org\",\"@graph\":[{\"@type\":\"WebPage\",\"@id\":\"https:\\\/\\\/pridhams.ca\\\/fr\\\/achat\\\/\",\"url\":\"https:\\\/\\\/pridhams.ca\\\/fr\\\/achat\\\/\",\"name\":\"Achat - Pridham\u2019s Auction House\",\"isPartOf\":{\"@id\":\"https:\\\/\\\/pridhams.ca\\\/fr\\\/#website\"},\"datePublished\":\"2021-06-25T14:42:12+00:00\",\"dateModified\":\"2025-12-22T16:24:12+00:00\",\"breadcrumb\":{\"@id\":\"https:\\\/\\\/pridhams.ca\\\/fr\\\/achat\\\/#breadcrumb\"},\"inLanguage\":\"fr-FR\",\"potentialAction\":[{\"@type\":\"ReadAction\",\"target\":[\"https:\\\/\\\/pridhams.ca\\\/fr\\\/achat\\\/\"]}]},{\"@type\":\"BreadcrumbList\",\"@id\":\"https:\\\/\\\/pridhams.ca\\\/fr\\\/achat\\\/#breadcrumb\",\"itemListElement\":[{\"@type\":\"ListItem\",\"position\":1,\"name\":\"Home\",\"item\":\"https:\\\/\\\/pridhams.ca\\\/fr\\\/\"},{\"@type\":\"ListItem\",\"position\":2,\"name\":\"Achat\"}]},{\"@type\":\"WebSite\",\"@id\":\"https:\\\/\\\/pridhams.ca\\\/fr\\\/#website\",\"url\":\"https:\\\/\\\/pridhams.ca\\\/fr\\\/\",\"name\":\"Pridham\u2019s Auction House\",\"description\":\"\",\"publisher\":{\"@id\":\"https:\\\/\\\/pridhams.ca\\\/fr\\\/#organization\"},\"potentialAction\":[{\"@type\":\"SearchAction\",\"target\":{\"@type\":\"EntryPoint\",\"urlTemplate\":\"https:\\\/\\\/pridhams.ca\\\/fr\\\/?s={search_term_string}\"},\"query-input\":{\"@type\":\"PropertyValueSpecification\",\"valueRequired\":true,\"valueName\":\"search_term_string\"}}],\"inLanguage\":\"fr-FR\"},{\"@type\":\"Organization\",\"@id\":\"https:\\\/\\\/pridhams.ca\\\/fr\\\/#organization\",\"name\":\"Pridham's Auctions & Appraisals\",\"url\":\"https:\\\/\\\/pridhams.ca\\\/fr\\\/\",\"logo\":{\"@type\":\"ImageObject\",\"inLanguage\":\"fr-FR\",\"@id\":\"https:\\\/\\\/pridhams.ca\\\/fr\\\/#\\\/schema\\\/logo\\\/image\\\/\",\"url\":\"http:\\\/\\\/pridhams.ca\\\/wp-content\\\/uploads\\\/logo-menu.png\",\"contentUrl\":\"http:\\\/\\\/pridhams.ca\\\/wp-content\\\/uploads\\\/logo-menu.png\",\"width\":292,\"height\":63,\"caption\":\"Pridham's Auctions & Appraisals\"},\"image\":{\"@id\":\"https:\\\/\\\/pridhams.ca\\\/fr\\\/#\\\/schema\\\/logo\\\/image\\\/\"},\"sameAs\":[\"https:\\\/\\\/www.facebook.com\\\/PridhamsAuctionHouse\\\/\",\"https:\\\/\\\/www.instagram.com\\\/pridhams_auction_house\\\/\"]}]}<\/script>\n<!-- \/ Yoast SEO Premium plugin. -->","yoast_head_json":{"title":"Achat - Pridham\u2019s Auction House","robots":{"index":"index","follow":"follow","max-snippet":"max-snippet:-1","max-image-preview":"max-image-preview:large","max-video-preview":"max-video-preview:-1"},"canonical":"https:\/\/pridhams.ca\/fr\/achat\/","og_locale":"fr_FR","og_type":"article","og_title":"Achat","og_description":"[vc_row content_placement=\u00a0\u00bbmiddle\u00a0\u00bb row_content_width=\u00a0\u00bbgrid\u00a0\u00bb content_text_aligment=\u00a0\u00bbcenter\u00a0\u00bb css=\u00a0\u00bb.vc_custom_1569318479333{padding-top: 147px !important;padding-bottom: 52px !important;}\u00a0\u00bb][vc_column][vc_column_text] Comment faire une mise Chez Pridham\u2019s Auctions &amp; Appraisals, vous pouvez ench\u00e9rir en direct en participant \u00e0 une vente en personne, faire une mise sur une plateforme en ligne pr\u00e9d\u00e9termin\u00e9e (aussi [&hellip;]","og_url":"https:\/\/pridhams.ca\/fr\/achat\/","og_site_name":"Pridham\u2019s Auction House","article_publisher":"https:\/\/www.facebook.com\/PridhamsAuctionHouse\/","article_modified_time":"2025-12-22T16:24:12+00:00","twitter_card":"summary_large_image","twitter_misc":{"Dur\u00e9e de lecture estim\u00e9e":"3 minutes"},"schema":{"@context":"https:\/\/schema.org","@graph":[{"@type":"WebPage","@id":"https:\/\/pridhams.ca\/fr\/achat\/","url":"https:\/\/pridhams.ca\/fr\/achat\/","name":"Achat - Pridham\u2019s Auction House","isPartOf":{"@id":"https:\/\/pridhams.ca\/fr\/#website"},"datePublished":"2021-06-25T14:42:12+00:00","dateModified":"2025-12-22T16:24:12+00:00","breadcrumb":{"@id":"https:\/\/pridhams.ca\/fr\/achat\/#breadcrumb"},"inLanguage":"fr-FR","potentialAction":[{"@type":"ReadAction","target":["https:\/\/pridhams.ca\/fr\/achat\/"]}]},{"@type":"BreadcrumbList","@id":"https:\/\/pridhams.ca\/fr\/achat\/#breadcrumb","itemListElement":[{"@type":"ListItem","position":1,"name":"Home","item":"https:\/\/pridhams.ca\/fr\/"},{"@type":"ListItem","position":2,"name":"Achat"}]},{"@type":"WebSite","@id":"https:\/\/pridhams.ca\/fr\/#website","url":"https:\/\/pridhams.ca\/fr\/","name":"Pridham\u2019s Auction House","description":"","publisher":{"@id":"https:\/\/pridhams.ca\/fr\/#organization"},"potentialAction":[{"@type":"SearchAction","target":{"@type":"EntryPoint","urlTemplate":"https:\/\/pridhams.ca\/fr\/?s={search_term_string}"},"query-input":{"@type":"PropertyValueSpecification","valueRequired":true,"valueName":"search_term_string"}}],"inLanguage":"fr-FR"},{"@type":"Organization","@id":"https:\/\/pridhams.ca\/fr\/#organization","name":"Pridham's Auctions & Appraisals","url":"https:\/\/pridhams.ca\/fr\/","logo":{"@type":"ImageObject","inLanguage":"fr-FR","@id":"https:\/\/pridhams.ca\/fr\/#\/schema\/logo\/image\/","url":"http:\/\/pridhams.ca\/wp-content\/uploads\/logo-menu.png","contentUrl":"http:\/\/pridhams.ca\/wp-content\/uploads\/logo-menu.png","width":292,"height":63,"caption":"Pridham's Auctions & Appraisals"},"image":{"@id":"https:\/\/pridhams.ca\/fr\/#\/schema\/logo\/image\/"},"sameAs":["https:\/\/www.facebook.com\/PridhamsAuctionHouse\/","https:\/\/www.instagram.com\/pridhams_auction_house\/"]}]}},"_links":{"self":[{"href":"https:\/\/pridhams.ca\/fr\/wp-json\/wp\/v2\/pages\/3491","targetHints":{"allow":["GET"]}}],"collection":[{"href":"https:\/\/pridhams.ca\/fr\/wp-json\/wp\/v2\/pages"}],"about":[{"href":"https:\/\/pridhams.ca\/fr\/wp-json\/wp\/v2\/types\/page"}],"author":[{"embeddable":true,"href":"https:\/\/pridhams.ca\/fr\/wp-json\/wp\/v2\/users\/1"}],"replies":[{"embeddable":true,"href":"https:\/\/pridhams.ca\/fr\/wp-json\/wp\/v2\/comments?post=3491"}],"version-history":[{"count":4,"href":"https:\/\/pridhams.ca\/fr\/wp-json\/wp\/v2\/pages\/3491\/revisions"}],"predecessor-version":[{"id":34150,"href":"https:\/\/pridhams.ca\/fr\/wp-json\/wp\/v2\/pages\/3491\/revisions\/34150"}],"wp:attachment":[{"href":"https:\/\/pridhams.ca\/fr\/wp-json\/wp\/v2\/media?parent=3491"}],"curies":[{"name":"wp","href":"https:\/\/api.w.org\/{rel}","templated":true}]}}